{"id":1652,"date":"2018-02-25T10:29:38","date_gmt":"2018-02-25T09:29:38","guid":{"rendered":"http:\/\/bshrconsulting.be\/?page_id=1652"},"modified":"2018-06-02T05:49:04","modified_gmt":"2018-06-02T03:49:04","slug":"home","status":"publish","type":"page","link":"http:\/\/bshrconsulting.be\/nl\/","title":{"rendered":"Home"},"content":{"rendered":"<div id=\"pl-1652\"  class=\"panel-layout\" ><div id=\"pg-1652-0\"  class=\"panel-grid panel-has-style\" ><div class=\"siteorigin-panels-stretch panel-row-style panel-row-style-for-1652-0\" data-stretch-type=\"full\" data-overlay-color=\"#000000\" ><div id=\"pgc-1652-0-0\"  class=\"panel-grid-cell\" ><div id=\"panel-1652-0-0-0\" class=\"so-panel widget widget_dc_cta_small devclick-cta-small panel-first-child panel-last-child\" data-index=\"0\" >\n\t\t\t<div class=\"cta cta-small clear\">\n\n\t\t\t\t\n\t\t\t\t\t<h3 style=\"color: #ffffff;\">\n\t\t\t\t\t\tContact ons voor meer informatie over onze diensten te weten\t\t\t\t\t<\/h3>\n\n\t\t\t\t\n\t\t\t\t\n\t\t\t\t\t<div class=\"cta-link\">\n\t\t\t\t\t\t<a href=\"http:\/\/bshrconsulting.be\/nl\/contact-met-ons\/\" class=\"btn-colour\" style=\"background: #b51f0a;\">Contact<\/a>\n\t\t\t\t\t<\/div><!-- .cta-link -->\n\n\t\t\t\t\n\t\t\t<\/div><!-- .cta -->\n\n\t\t<\/div><\/div><\/div><\/div><div id=\"pg-1652-1\"  class=\"panel-grid panel-has-style\" ><div class=\"siteorigin-panels-stretch panel-row-style panel-row-style-for-1652-1\" data-stretch-type=\"full\" data-overlay-color=\"#000000\" ><div id=\"pgc-1652-1-0\"  class=\"panel-grid-cell\" ><div id=\"panel-1652-1-0-0\" class=\"so-panel widget widget_dc_section_title devclick-section-title panel-first-child panel-last-child\" data-index=\"1\" >\n\t\t\t<div class=\"section-title clear\">\n\n\t\t\t\t<div class=\"section-title-content text-centre\">\n\n\t\t\t\t\t\n\t\t\t\t\t\t<h2>Ons kracht<\/h2>\n\n\t\t\t\t\t\n\t\t\t\t\t\n\t\t\t\t\t\t<span>We bieden een breed scala aan diensten om aan uw verzoeken te voldoen<\/span>\n\n\t\t\t\t\t\n\t\t\t\t<\/div><!-- .section-title-content -->\n\n\t\t\t<\/div><!-- .section-title -->\n\n\t\t<\/div><\/div><\/div><\/div><div id=\"pg-1652-2\"  class=\"panel-grid panel-has-style\" ><div class=\"siteorigin-panels-stretch panel-row-style panel-row-style-for-1652-2\" data-stretch-type=\"full\" data-overlay-color=\"#000000\" ><div id=\"pgc-1652-2-0\"  class=\"panel-grid-cell\" ><div id=\"panel-1652-2-0-0\" class=\"so-panel widget widget_dc_featured_page devclick-featured-page panel-first-child\" data-index=\"2\" >\n\t\t\t<article class=\"featured-page featured-page-style-one\">\n\n\t\t\t\t\t\t\t\t\t<a href=\"http:\/\/bshrconsulting.be\/nl\/a-propos\/\" class=\"featured-page-image\">\n\t\t\t\t\t\t<img src=\"http:\/\/bshrconsulting.be\/wp-content\/uploads\/2017\/01\/a-propos-435x260.png\" srcset=\"http:\/\/bshrconsulting.be\/wp-content\/uploads\/2017\/01\/a-propos-1086x650.png 1024w, http:\/\/bshrconsulting.be\/wp-content\/uploads\/2017\/01\/a-propos-652x390.png 640w, http:\/\/bshrconsulting.be\/wp-content\/uploads\/2017\/01\/a-propos-435x260.png 320w\" sizes=\"(min-width: 992px) 40vw, 110vw\" alt=\"\">\n\t\t\t\t\t<\/a>\n\t\t\t\t\n\t\t\t\t<div class=\"featured-page-inner text-left\">\n\n\t\t\t\t\t<h3>\n\t\t\t\t\t\t<a href=\"http:\/\/bshrconsulting.be\/nl\/a-propos\/\">A Propos<\/a>\n\t\t\t\t\t<\/h3>\n\n\t\t\t\t\t\t\t\t\t\t\t<p>Derri\u00e8re BS.HRconsulting se trouve Bahija Sejjali. Active depuis plus de 20 ans, Bahija fait preuve d\u2019une grande expertise...<\/p>\n\t\t\t\t\t\n\t\t\t\t\t\n\t\t\t\t<\/div><!-- .featured-page-inner -->\n\n\t\t\t<\/article><!-- .featured-page -->\n\n\t\t<\/div><div id=\"panel-1652-2-0-1\" class=\"so-panel widget widget_dc_featured_page devclick-featured-page\" data-index=\"3\" >\n\t\t\t<article class=\"featured-page featured-page-style-one\">\n\n\t\t\t\t\t\t\t\t\t<a href=\"http:\/\/bshrconsulting.be\/nl\/diensten\/consultancy\/\" class=\"featured-page-image\">\n\t\t\t\t\t\t<img src=\"http:\/\/bshrconsulting.be\/wp-content\/uploads\/2017\/01\/a-propos-435x260.png\" srcset=\"http:\/\/bshrconsulting.be\/wp-content\/uploads\/2017\/01\/a-propos-1086x650.png 1024w, http:\/\/bshrconsulting.be\/wp-content\/uploads\/2017\/01\/a-propos-652x390.png 640w, http:\/\/bshrconsulting.be\/wp-content\/uploads\/2017\/01\/a-propos-435x260.png 320w\" sizes=\"(min-width: 992px) 40vw, 110vw\" alt=\"\">\n\t\t\t\t\t<\/a>\n\t\t\t\t\n\t\t\t\t<div class=\"featured-page-inner text-left\">\n\n\t\t\t\t\t<h3>\n\t\t\t\t\t\t<a href=\"http:\/\/bshrconsulting.be\/nl\/diensten\/consultancy\/\">Consultancy<\/a>\n\t\t\t\t\t<\/h3>\n\n\t\t\t\t\t\t\t\t\t\t\t<p>BS.HRconsulting licht concrete oplossingen toe voor elke situatie, zich daarbij beroepend op bijna 20 jaar ervaring in personeelsadministratie....<\/p>\n\t\t\t\t\t\n\t\t\t\t\t\n\t\t\t\t<\/div><!-- .featured-page-inner -->\n\n\t\t\t<\/article><!-- .featured-page -->\n\n\t\t<\/div><div id=\"panel-1652-2-0-2\" class=\"so-panel widget widget_dc_featured_page devclick-featured-page panel-last-child\" data-index=\"4\" >\n\t\t\t<article class=\"featured-page featured-page-style-one\">\n\n\t\t\t\t\t\t\t\t\t<a href=\"http:\/\/bshrconsulting.be\/nl\/diensten\/administration-des-ressources-humaines\/\" class=\"featured-page-image\">\n\t\t\t\t\t\t<img src=\"http:\/\/bshrconsulting.be\/wp-content\/uploads\/2018\/06\/Administration-389x260.jpg\" srcset=\"http:\/\/bshrconsulting.be\/wp-content\/uploads\/2018\/06\/Administration-974x650.jpg 1024w, http:\/\/bshrconsulting.be\/wp-content\/uploads\/2018\/06\/Administration-584x390.jpg 640w, http:\/\/bshrconsulting.be\/wp-content\/uploads\/2018\/06\/Administration-389x260.jpg 320w\" sizes=\"(min-width: 992px) 40vw, 110vw\" alt=\"\">\n\t\t\t\t\t<\/a>\n\t\t\t\t\n\t\t\t\t<div class=\"featured-page-inner text-left\">\n\n\t\t\t\t\t<h3>\n\t\t\t\t\t\t<a href=\"http:\/\/bshrconsulting.be\/nl\/diensten\/administration-des-ressources-humaines\/\">Human Resources administratie<\/a>\n\t\t\t\t\t<\/h3>\n\n\t\t\t\t\t\t\t\t\t\t\t<p>Het dwingende karakter van personeelsadministratie vereist nauwkeurigheid, ongeacht of het om het verwelkomen van nieuwkomers,...<\/p>\n\t\t\t\t\t\n\t\t\t\t\t\n\t\t\t\t<\/div><!-- .featured-page-inner -->\n\n\t\t\t<\/article><!-- .featured-page -->\n\n\t\t<\/div><\/div><div id=\"pgc-1652-2-1\"  class=\"panel-grid-cell\" ><div id=\"panel-1652-2-1-0\" class=\"so-panel widget widget_dc_featured_page devclick-featured-page panel-first-child\" data-index=\"5\" >\n\t\t\t<article class=\"featured-page featured-page-style-one\">\n\n\t\t\t\t\t\t\t\t\t<a href=\"http:\/\/bshrconsulting.be\/nl\/a-propos\/\" class=\"featured-page-image\">\n\t\t\t\t\t\t<img src=\"http:\/\/bshrconsulting.be\/wp-content\/uploads\/2017\/01\/a-propos-435x260.png\" srcset=\"http:\/\/bshrconsulting.be\/wp-content\/uploads\/2017\/01\/a-propos-1086x650.png 1024w, http:\/\/bshrconsulting.be\/wp-content\/uploads\/2017\/01\/a-propos-652x390.png 640w, http:\/\/bshrconsulting.be\/wp-content\/uploads\/2017\/01\/a-propos-435x260.png 320w\" sizes=\"(min-width: 992px) 40vw, 110vw\" alt=\"\">\n\t\t\t\t\t<\/a>\n\t\t\t\t\n\t\t\t\t<div class=\"featured-page-inner text-left\">\n\n\t\t\t\t\t<h3>\n\t\t\t\t\t\t<a href=\"http:\/\/bshrconsulting.be\/nl\/a-propos\/\">A Propos<\/a>\n\t\t\t\t\t<\/h3>\n\n\t\t\t\t\t\t\t\t\t\t\t<p>Derri\u00e8re BS.HRconsulting se trouve Bahija Sejjali. Active depuis plus de 20 ans, Bahija fait preuve d\u2019une grande expertise...<\/p>\n\t\t\t\t\t\n\t\t\t\t\t\n\t\t\t\t<\/div><!-- .featured-page-inner -->\n\n\t\t\t<\/article><!-- .featured-page -->\n\n\t\t<\/div><div id=\"panel-1652-2-1-1\" class=\"so-panel widget widget_dc_featured_page devclick-featured-page panel-last-child\" data-index=\"6\" >\n\t\t\t<article class=\"featured-page featured-page-style-one\">\n\n\t\t\t\t\t\t\t\t\t<a href=\"http:\/\/bshrconsulting.be\/nl\/diensten\/transmission-de-savoir\/\" class=\"featured-page-image\">\n\t\t\t\t\t\t<img src=\"http:\/\/bshrconsulting.be\/wp-content\/uploads\/2018\/06\/Transmission-447x260.jpg\" srcset=\"http:\/\/bshrconsulting.be\/wp-content\/uploads\/2018\/06\/Transmission-1117x650.jpg 1024w, http:\/\/bshrconsulting.be\/wp-content\/uploads\/2018\/06\/Transmission-670x390.jpg 640w, http:\/\/bshrconsulting.be\/wp-content\/uploads\/2018\/06\/Transmission-447x260.jpg 320w\" sizes=\"(min-width: 992px) 40vw, 110vw\" alt=\"\">\n\t\t\t\t\t<\/a>\n\t\t\t\t\n\t\t\t\t<div class=\"featured-page-inner text-left\">\n\n\t\t\t\t\t<h3>\n\t\t\t\t\t\t<a href=\"http:\/\/bshrconsulting.be\/nl\/diensten\/transmission-de-savoir\/\">Kennisoverdracht<\/a>\n\t\t\t\t\t<\/h3>\n\n\t\t\t\t\t\t\t\t\t\t\t<p>BS.HRconsulting ondersteunt de medewerkers van de payroll en de personeelsadministratie op een pragmatische manier, om hun...<\/p>\n\t\t\t\t\t\n\t\t\t\t\t\n\t\t\t\t<\/div><!-- .featured-page-inner -->\n\n\t\t\t<\/article><!-- .featured-page -->\n\n\t\t<\/div><\/div><div id=\"pgc-1652-2-2\"  class=\"panel-grid-cell\" ><div id=\"panel-1652-2-2-0\" class=\"so-panel widget widget_dc_featured_page devclick-featured-page panel-first-child\" data-index=\"7\" >\n\t\t\t<article class=\"featured-page featured-page-style-one\">\n\n\t\t\t\t\t\t\t\t\t<a href=\"http:\/\/bshrconsulting.be\/nl\/diensten\/gestion-salariale-des-expatries\/\" class=\"featured-page-image\">\n\t\t\t\t\t\t<img src=\"http:\/\/bshrconsulting.be\/wp-content\/uploads\/2018\/06\/Salaire-390x260.jpg\" srcset=\"http:\/\/bshrconsulting.be\/wp-content\/uploads\/2018\/06\/Salaire-975x650.jpg 1024w, http:\/\/bshrconsulting.be\/wp-content\/uploads\/2018\/06\/Salaire-585x390.jpg 640w, http:\/\/bshrconsulting.be\/wp-content\/uploads\/2018\/06\/Salaire-390x260.jpg 320w\" sizes=\"(min-width: 992px) 40vw, 110vw\" alt=\"\">\n\t\t\t\t\t<\/a>\n\t\t\t\t\n\t\t\t\t<div class=\"featured-page-inner text-left\">\n\n\t\t\t\t\t<h3>\n\t\t\t\t\t\t<a href=\"http:\/\/bshrconsulting.be\/nl\/diensten\/gestion-salariale-des-expatries\/\">Loonbeheer van ge\u00ebxpatrieerde medewerkers<\/a>\n\t\t\t\t\t<\/h3>\n\n\t\t\t\t\t\t\t\t\t\t\t<p>Steeds meer bedrijven zetten ge\u00ebxpatrieerde medewerkers in, of stellen hun werknemers ter beschikking voor opdrachten in...<\/p>\n\t\t\t\t\t\n\t\t\t\t\t\n\t\t\t\t<\/div><!-- .featured-page-inner -->\n\n\t\t\t<\/article><!-- .featured-page -->\n\n\t\t<\/div><div id=\"panel-1652-2-2-1\" class=\"so-panel widget widget_dc_featured_page devclick-featured-page panel-last-child\" data-index=\"8\" >\n\t\t\t<article class=\"featured-page featured-page-style-one\">\n\n\t\t\t\t\t\t\t\t\t<a href=\"http:\/\/bshrconsulting.be\/nl\/diensten\/ondersteuning-van-de-afdeling-en-vervangingen\/\" class=\"featured-page-image\">\n\t\t\t\t\t\t<img src=\"http:\/\/bshrconsulting.be\/wp-content\/uploads\/2018\/06\/Renforcement-297x260.jpg\" srcset=\"http:\/\/bshrconsulting.be\/wp-content\/uploads\/2018\/06\/Renforcement-743x650.jpg 1024w, http:\/\/bshrconsulting.be\/wp-content\/uploads\/2018\/06\/Renforcement-446x390.jpg 640w, http:\/\/bshrconsulting.be\/wp-content\/uploads\/2018\/06\/Renforcement-297x260.jpg 320w\" sizes=\"(min-width: 992px) 40vw, 110vw\" alt=\"\">\n\t\t\t\t\t<\/a>\n\t\t\t\t\n\t\t\t\t<div class=\"featured-page-inner text-left\">\n\n\t\t\t\t\t<h3>\n\t\t\t\t\t\t<a href=\"http:\/\/bshrconsulting.be\/nl\/diensten\/ondersteuning-van-de-afdeling-en-vervangingen\/\">Ondersteuning van de afdeling en vervangingen<\/a>\n\t\t\t\t\t<\/h3>\n\n\t\t\t\t\t\t\t\t\t\t\t<p>Om verlies van effici\u00ebntie te voorkomen tijdens een periode van zware werklast of tijdens de langdurige afwezigheid van...<\/p>\n\t\t\t\t\t\n\t\t\t\t\t\n\t\t\t\t<\/div><!-- .featured-page-inner -->\n\n\t\t\t<\/article><!-- .featured-page -->\n\n\t\t<\/div><\/div><\/div><\/div><div id=\"pg-1652-3\"  class=\"panel-grid panel-has-style\" ><div class=\"siteorigin-panels-stretch panel-row-style panel-row-style-for-1652-3\" data-stretch-type=\"full\" data-overlay-color=\"#000000\" ><div id=\"pgc-1652-3-0\"  class=\"panel-grid-cell\" ><div id=\"panel-1652-3-0-0\" class=\"so-panel widget widget_dc_section_title devclick-section-title panel-first-child panel-last-child\" data-index=\"9\" >\n\t\t\t<div class=\"section-title clear\">\n\n\t\t\t\t<div class=\"section-title-content text-centre\">\n\n\t\t\t\t\t\n\t\t\t\t\t\t<h2>Partners<\/h2>\n\n\t\t\t\t\t\n\t\t\t\t\t\n\t\t\t\t\t\t<span>BS.HRconsulting werkt samen deze partners, en voert specifieke opdrachten voor hen uit<\/span>\n\n\t\t\t\t\t\n\t\t\t\t<\/div><!-- .section-title-content -->\n\n\t\t\t<\/div><!-- .section-title -->\n\n\t\t<\/div><\/div><\/div><\/div><div id=\"pg-1652-4\"  class=\"panel-grid panel-has-style\" ><div class=\"siteorigin-panels-stretch panel-row-style panel-row-style-for-1652-4\" data-stretch-type=\"full\" data-overlay-color=\"#000000\" ><div id=\"pgc-1652-4-0\"  class=\"panel-grid-cell\" ><div id=\"panel-1652-4-0-0\" class=\"so-panel widget widget_text panel-first-child panel-last-child\" data-index=\"10\" >\t\t\t<div class=\"textwidget\"><p><img src=\"http:\/\/bshrconsulting.be\/wp-content\/uploads\/2016\/12\/partena-pro.png\" alt=\"\" width=\"165\" height=\"70\" class=\"alignnone size-full wp-image-1128\"><\/p>\n<\/div>\n\t\t<\/div><\/div><div id=\"pgc-1652-4-1\"  class=\"panel-grid-cell\" ><div id=\"panel-1652-4-1-0\" class=\"so-panel widget widget_text panel-first-child panel-last-child\" data-index=\"11\" >\t\t\t<div class=\"textwidget\"><p><img class=\"alignnone size-full wp-image-1129\" src=\"http:\/\/bshrconsulting.be\/wp-content\/uploads\/2016\/12\/randstad.png\" alt=\"\" width=\"196\" height=\"70\"><\/p>\n<\/div>\n\t\t<\/div><\/div><div id=\"pgc-1652-4-2\"  class=\"panel-grid-cell\" ><div id=\"panel-1652-4-2-0\" class=\"so-panel widget widget_text panel-first-child panel-last-child\" data-index=\"12\" >\t\t\t<div class=\"textwidget\"><p><img class=\"alignnone size-full wp-image-1130\" src=\"http:\/\/bshrconsulting.be\/wp-content\/uploads\/2016\/12\/sd-works.png\" alt=\"\" width=\"193\" height=\"70\"><\/p>\n<\/div>\n\t\t<\/div><\/div><div id=\"pgc-1652-4-3\"  class=\"panel-grid-cell\" ><div id=\"panel-1652-4-3-0\" class=\"so-panel widget widget_text panel-first-child panel-last-child\" data-index=\"13\" >\t\t\t<div class=\"textwidget\"><p><img class=\"alignnone size-full wp-image-1127\" src=\"http:\/\/bshrconsulting.be\/wp-content\/uploads\/2016\/12\/aerta.png\" alt=\"\" width=\"201\" height=\"70\"><\/p>\n<\/div>\n\t\t<\/div><\/div><\/div><\/div><div id=\"pg-1652-5\"  class=\"panel-grid panel-has-style\" ><div class=\"siteorigin-panels-stretch panel-row-style panel-row-style-for-1652-5\" data-stretch-type=\"full\" data-overlay-color=\"#000000\" ><div id=\"pgc-1652-5-0\"  class=\"panel-grid-cell\" ><div id=\"panel-1652-5-0-0\" class=\"so-panel widget widget_dc_section_title devclick-section-title panel-first-child panel-last-child\" data-index=\"14\" >\n\t\t\t<div class=\"section-title clear\">\n\n\t\t\t\t<div class=\"section-title-content text-centre\">\n\n\t\t\t\t\t\n\t\t\t\t\t\t<h2>Referencies<\/h2>\n\n\t\t\t\t\t\n\t\t\t\t\t\n\t\t\t\t\t\t<span>Deze bedrijven doen een beroep op ons <\/span>\n\n\t\t\t\t\t\n\t\t\t\t<\/div><!-- .section-title-content -->\n\n\t\t\t<\/div><!-- .section-title -->\n\n\t\t<\/div><\/div><\/div><\/div><div id=\"pg-1652-6\"  class=\"panel-grid panel-has-style\" ><div class=\"siteorigin-panels-stretch panel-row-style panel-row-style-for-1652-6\" data-stretch-type=\"full\" data-overlay-color=\"#000000\" ><div id=\"pgc-1652-6-0\"  class=\"panel-grid-cell\" ><div id=\"panel-1652-6-0-0\" class=\"so-panel widget widget_dc_testimonials devclick-testimonial panel-first-child panel-last-child\" data-index=\"15\" >\n\t\t<div class=\"testimonials\">\n\t\t\t\n\t\t\t<div id=\"testimonials-carousel-widget-6-0-0\" class=\"carousel slide\" >\n\t\t\t\t<div class=\"carousel-inner\">\n\t\t\t\t\t<div class=\"item active\">\n\t\t\t\t\t\t<div class=\"row\">\n\t\t\t\t\t\t\t\n\t\t\t\t\t\t\t\t\t\t\t\t\t\t\t\t\t\t\t\t\t\t\t<div class=\"col-xs-12 col-md-6\">\n\n\t\t\t\t\t\t\t\t\t<div class=\"testimonial\">\n\t\t\t\t\t\t\t\t\t\t<blockquote class=\"testimonial-quote\">\n\t\t\t\t\t\t\t\t\t\t\t<div class=\"testimonial-icon\">\n\t\t\t\t\t\t\t\t\t\t\t\t<span>&#8220;<\/span>\n\t\t\t\t\t\t\t\t\t\t\t<\/div><!-- .testimonial-icon -->\n\t\t\t\t\t\t\t\t\t\t\t\n\t\t\t\t\t\t\t\t\t\t\t<div class=\"testimonial-inner\">\n\t\t\t\t\t\t\t\t\t\t\t\tJ'ai travaill\u00e9 avec Bahija elle \u00e9tait mon premier point de contact concernant les aspects payroll pour ma business unit. Bahija est quelqu'un de tr\u00e8s enthousiaste avec un temps d'adaptation rapide. Elle n'h\u00e9site pas \u00e0 prendre des initiatives tout en veillant \u00e0 un alignement au pr\u00e9alable avec les personnes d\u00e9cisionnaire. Merci pour notre collaboration et pleins de bonnes choses pour le futur.\t\t\t\t\t\t\t\t\t\t\t<\/div><!-- .testimonial-inner -->\n\t\t\t\t\t\t\t\t\t\t<\/blockquote><!-- .testimonial-quote -->\n\n\t\t\t\t\t\t\t\t\t\t<div class=\"testimonial-meta\">\n\t\t\t\t\t\t\t\t\t\t\t<cite class=\"testimonial-author\">G\u00e9rome DEPLANO<\/cite><!-- .testimonial-author -->\n\t\t\t\t\t\t\t\t\t\t\t<span class=\"testimonial-location\">Danone<\/span><!-- .testimonial-location -->\n\t\t\t\t\t\t\t\t\t\t<\/div><!-- .testimonial-meta -->\n\t\t\t\t\t\t\t\t\t<\/div><!-- .testimonial -->\n\n\t\t\t\t\t\t\t\t<\/div><!-- .col -->\n\t\t\t\t\t\t\t\t\t\t\t\t\t\t\t\t\t\t\t\t\t\t\t<div class=\"col-xs-12 col-md-6\">\n\n\t\t\t\t\t\t\t\t\t<div class=\"testimonial\">\n\t\t\t\t\t\t\t\t\t\t<blockquote class=\"testimonial-quote\">\n\t\t\t\t\t\t\t\t\t\t\t<div class=\"testimonial-icon\">\n\t\t\t\t\t\t\t\t\t\t\t\t<span>&#8220;<\/span>\n\t\t\t\t\t\t\t\t\t\t\t<\/div><!-- .testimonial-icon -->\n\t\t\t\t\t\t\t\t\t\t\t\n\t\t\t\t\t\t\t\t\t\t\t<div class=\"testimonial-inner\">\n\t\t\t\t\t\t\t\t\t\t\t\tBahija, is a real Professional. With her skills, she can take quickly in charge all part of the Belgian payroll.\t\t\t\t\t\t\t\t\t\t\t<\/div><!-- .testimonial-inner -->\n\t\t\t\t\t\t\t\t\t\t<\/blockquote><!-- .testimonial-quote -->\n\n\t\t\t\t\t\t\t\t\t\t<div class=\"testimonial-meta\">\n\t\t\t\t\t\t\t\t\t\t\t<cite class=\"testimonial-author\">Mike Cossu<\/cite><!-- .testimonial-author -->\n\t\t\t\t\t\t\t\t\t\t\t<span class=\"testimonial-location\">BNP Paribas<\/span><!-- .testimonial-location -->\n\t\t\t\t\t\t\t\t\t\t<\/div><!-- .testimonial-meta -->\n\t\t\t\t\t\t\t\t\t<\/div><!-- .testimonial -->\n\n\t\t\t\t\t\t\t\t<\/div><!-- .col -->\n\t\t\t\t\t\t\t\t\t\t\t\t\t\t\t<\/div><\/div><div class=\"item\"><div class=\"row\">\t\t\t\t\t\t\t\t<div class=\"col-xs-12 col-md-6\">\n\n\t\t\t\t\t\t\t\t\t<div class=\"testimonial\">\n\t\t\t\t\t\t\t\t\t\t<blockquote class=\"testimonial-quote\">\n\t\t\t\t\t\t\t\t\t\t\t<div class=\"testimonial-icon\">\n\t\t\t\t\t\t\t\t\t\t\t\t<span>&#8220;<\/span>\n\t\t\t\t\t\t\t\t\t\t\t<\/div><!-- .testimonial-icon -->\n\t\t\t\t\t\t\t\t\t\t\t\n\t\t\t\t\t\t\t\t\t\t\t<div class=\"testimonial-inner\">\n\t\t\t\t\t\t\t\t\t\t\t\tBahija est intervenue pour reprendre les rennes d'une situation administrative et pay rol qui s'\u00e9tait d\u00e9grad\u00e9e. Gr\u00e2ce \u00e0 son support, nous avons pu offrir \u00e0 nouveau \u00e0 notre personnel un service administratif RH \u00e0 la hauteur de leurs attentes.\t\t\t\t\t\t\t\t\t\t\t<\/div><!-- .testimonial-inner -->\n\t\t\t\t\t\t\t\t\t\t<\/blockquote><!-- .testimonial-quote -->\n\n\t\t\t\t\t\t\t\t\t\t<div class=\"testimonial-meta\">\n\t\t\t\t\t\t\t\t\t\t\t<cite class=\"testimonial-author\">Christian Malfait<\/cite><!-- .testimonial-author -->\n\t\t\t\t\t\t\t\t\t\t\t<span class=\"testimonial-location\">PSA Belgium<\/span><!-- .testimonial-location -->\n\t\t\t\t\t\t\t\t\t\t<\/div><!-- .testimonial-meta -->\n\t\t\t\t\t\t\t\t\t<\/div><!-- .testimonial -->\n\n\t\t\t\t\t\t\t\t<\/div><!-- .col -->\n\t\t\t\t\t\t\t\t\t\t\t\t\t\t\t\t\t\t\t\t\t\t\t<div class=\"col-xs-12 col-md-6\">\n\n\t\t\t\t\t\t\t\t\t<div class=\"testimonial\">\n\t\t\t\t\t\t\t\t\t\t<blockquote class=\"testimonial-quote\">\n\t\t\t\t\t\t\t\t\t\t\t<div class=\"testimonial-icon\">\n\t\t\t\t\t\t\t\t\t\t\t\t<span>&#8220;<\/span>\n\t\t\t\t\t\t\t\t\t\t\t<\/div><!-- .testimonial-icon -->\n\t\t\t\t\t\t\t\t\t\t\t\n\t\t\t\t\t\t\t\t\t\t\t<div class=\"testimonial-inner\">\n\t\t\t\t\t\t\t\t\t\t\t\tBahija is a very dedicated person, eager to learn and conscientious, hard working and motivated. She will never let her customers down. It is always a pleasure to work with her.\t\t\t\t\t\t\t\t\t\t\t<\/div><!-- .testimonial-inner -->\n\t\t\t\t\t\t\t\t\t\t<\/blockquote><!-- .testimonial-quote -->\n\n\t\t\t\t\t\t\t\t\t\t<div class=\"testimonial-meta\">\n\t\t\t\t\t\t\t\t\t\t\t<cite class=\"testimonial-author\">Hilde Engels<\/cite><!-- .testimonial-author -->\n\t\t\t\t\t\t\t\t\t\t\t<span class=\"testimonial-location\">Acerta Consult<\/span><!-- .testimonial-location -->\n\t\t\t\t\t\t\t\t\t\t<\/div><!-- .testimonial-meta -->\n\t\t\t\t\t\t\t\t\t<\/div><!-- .testimonial -->\n\n\t\t\t\t\t\t\t\t<\/div><!-- .col -->\n\t\t\t\t\t\t\t\n\t\t\t\t\t\t<\/div><!-- .row -->\n\t\t\t\t\t<\/div><!-- .item -->\n\t\t\t\t<\/div><!-- .carousel-inner -->\n\t\t\t<\/div><!-- .carousel -->\n\n\t\t\t\t\t\t\t<div class=\"testimonial-nav clear\">\n\t\t\t\t\t<a class=\"right testimonial-control\" href=\"#testimonials-carousel-widget-6-0-0\" role=\"button\" data-slide=\"next\">\n\t\t\t\t\t\t<i class=\"fa fa-caret-right\" aria-hidden=\"true\"><\/i>\n\t\t\t\t\t\t<span class=\"sr-only\">Next<\/span>\n\t\t\t\t\t<\/a>\n\t\t\t\t\t<a class=\"left testimonial-control\" href=\"#testimonials-carousel-widget-6-0-0\" role=\"button\" data-slide=\"prev\">\n\t\t\t\t\t\t<i class=\"fa fa-caret-left\" aria-hidden=\"true\"><\/i>\n\t\t\t\t\t\t<span class=\"sr-only\">Previous<\/span>\n\t\t\t\t\t<\/a>\n\t\t\t\t<\/div><!-- .testimonial-nav -->\n\t\t\t\n\t\t<\/div><!-- .testimonials -->\n\n\t\t<\/div><\/div><\/div><\/div><\/div>","protected":false},"excerpt":{"rendered":"<p>Contact ons voor meer informatie over onze diensten te weten Contact Ons kracht We bieden een breed scala aan diensten om aan uw verzoeken te voldoen A Propos Derri\u00e8re BS.HRconsulting se trouve Bahija Sejjali. Active depuis plus de 20 ans, Bahija fait preuve d\u2019une grande expertise&#8230; Consultancy BS.HRconsulting licht concrete oplossingen toe voor elke situatie, [&hellip;]<\/p>\n","protected":false},"author":1,"featured_media":0,"parent":0,"menu_order":0,"comment_status":"closed","ping_status":"closed","template":"template-full-width.php","meta":[],"_links":{"self":[{"href":"http:\/\/bshrconsulting.be\/nl\/wp-json\/wp\/v2\/pages\/1652\/"}],"collection":[{"href":"http:\/\/bshrconsulting.be\/nl\/wp-json\/wp\/v2\/pages\/"}],"about":[{"href":"http:\/\/bshrconsulting.be\/nl\/wp-json\/wp\/v2\/types\/page\/"}],"author":[{"embeddable":true,"href":"http:\/\/bshrconsulting.be\/nl\/wp-json\/wp\/v2\/users\/1\/"}],"replies":[{"embeddable":true,"href":"http:\/\/bshrconsulting.be\/nl\/wp-json\/wp\/v2\/comments\/?post=1652"}],"version-history":[{"count":27,"href":"http:\/\/bshrconsulting.be\/nl\/wp-json\/wp\/v2\/pages\/1652\/revisions\/"}],"predecessor-version":[{"id":2066,"href":"http:\/\/bshrconsulting.be\/nl\/wp-json\/wp\/v2\/pages\/1652\/revisions\/2066\/"}],"wp:attachment":[{"href":"http:\/\/bshrconsulting.be\/nl\/wp-json\/wp\/v2\/media\/?parent=1652"}],"curies":[{"name":"wp","href":"https:\/\/api.w.org\/{rel}","templated":true}]}}