{"id":48,"date":"2017-01-14T12:53:21","date_gmt":"2017-01-14T12:53:21","guid":{"rendered":"http:\/\/eleanordemo.devclick.uk\/?page_id=48"},"modified":"2019-03-01T15:49:22","modified_gmt":"2019-03-01T14:49:22","slug":"interim-management","status":"publish","type":"page","link":"http:\/\/bshrconsulting.be\/fr\/services\/interim-management\/","title":{"rendered":"Interim Management"},"content":{"rendered":"<div id=\"pl-48\"  class=\"panel-layout\" ><div id=\"pg-48-0\"  class=\"panel-grid panel-has-style\" ><div data-overlay-color=\"#000000\" class=\"panel-row-style panel-row-style-for-48-0\" ><div id=\"pgc-48-0-0\"  class=\"panel-grid-cell\" ><div id=\"panel-48-0-0-0\" class=\"so-panel widget widget_black-studio-tinymce widget_black_studio_tinymce panel-first-child panel-last-child\" data-index=\"0\" ><div class=\"textwidget\"><p>Que ce soit pour une mission de courte ou de longue dur\u00e9e, BS.HRconsulting prend en charge la gestion de votre d\u00e9partement \u00ab\u00a0payroll &amp; HR administration\u00a0\u00bb. Avec une tr\u00e8s grande capacit\u00e9 \u00e0 int\u00e9grer une \u00e9quipe en place, BS.HRconsulting privil\u00e9gie une efficacit\u00e9 directe.<\/p>\n<p>Continuit\u00e9, expertise, d\u00e9veloppement de projets, gestion du changement\u2026 BS.HRconsulting vous offre la garantie d\u2019une vision orient\u00e9e r\u00e9sultat afin que votre entreprise tire les meilleurs b\u00e9n\u00e9fices de cette collaboration temporaire.<\/p>\n<\/div><\/div><\/div><div id=\"pgc-48-0-1\"  class=\"panel-grid-cell\" ><div id=\"panel-48-0-1-0\" class=\"so-panel widget widget_black-studio-tinymce widget_black_studio_tinymce panel-first-child panel-last-child\" data-index=\"1\" ><div class=\"panel-widget-style panel-widget-style-for-48-0-1-0\" ><div class=\"textwidget\"><p><img class=\"alignnone size-full wp-image-2026\" src=\"http:\/\/bshrconsulting.be\/wp-content\/uploads\/2018\/06\/Interim.jpg\" alt=\"\" width=\"3011\" height=\"2000\" \/><\/p>\n<\/div><\/div><\/div><\/div><\/div><\/div><\/div>","protected":false},"excerpt":{"rendered":"<p>Que ce soit pour une mission de courte ou de longue dur\u00e9e, BS.HRconsulting prend en charge la gestion de votre d\u00e9partement \u00ab\u00a0payroll &#038; HR administration\u00a0\u00bb. Avec une tr\u00e8s grande capacit\u00e9 \u00e0 int\u00e9grer une \u00e9quipe en place, BS.HRconsulting privil\u00e9gie une efficacit\u00e9 directe.<\/p>\n<p>Continuit\u00e9, expertise, d\u00e9veloppement de projets, gestion du changement\u2026 BS.HRconsulting vous offre la garantie d\u2019une vision orient\u00e9e r\u00e9sultat afin que votre entreprise tire les meilleurs b\u00e9n\u00e9fices de cette collaboration temporaire.<\/p>\n","protected":false},"author":3,"featured_media":2026,"parent":23,"menu_order":0,"comment_status":"closed","ping_status":"closed","template":"","meta":[],"_links":{"self":[{"href":"http:\/\/bshrconsulting.be\/fr\/wp-json\/wp\/v2\/pages\/48\/"}],"collection":[{"href":"http:\/\/bshrconsulting.be\/fr\/wp-json\/wp\/v2\/pages\/"}],"about":[{"href":"http:\/\/bshrconsulting.be\/fr\/wp-json\/wp\/v2\/types\/page\/"}],"author":[{"embeddable":true,"href":"http:\/\/bshrconsulting.be\/fr\/wp-json\/wp\/v2\/users\/3\/"}],"replies":[{"embeddable":true,"href":"http:\/\/bshrconsulting.be\/fr\/wp-json\/wp\/v2\/comments\/?post=48"}],"version-history":[{"count":40,"href":"http:\/\/bshrconsulting.be\/fr\/wp-json\/wp\/v2\/pages\/48\/revisions\/"}],"predecessor-version":[{"id":2858,"href":"http:\/\/bshrconsulting.be\/fr\/wp-json\/wp\/v2\/pages\/48\/revisions\/2858\/"}],"up":[{"embeddable":true,"href":"http:\/\/bshrconsulting.be\/fr\/wp-json\/wp\/v2\/pages\/23\/"}],"wp:featuredmedia":[{"embeddable":true,"href":"http:\/\/bshrconsulting.be\/fr\/wp-json\/wp\/v2\/media\/2026\/"}],"wp:attachment":[{"href":"http:\/\/bshrconsulting.be\/fr\/wp-json\/wp\/v2\/media\/?parent=48"}],"curies":[{"name":"wp","href":"https:\/\/api.w.org\/{rel}","templated":true}]}}