{"id":46,"date":"2017-01-14T12:53:07","date_gmt":"2017-01-14T12:53:07","guid":{"rendered":"http:\/\/eleanordemo.devclick.uk\/?page_id=46"},"modified":"2019-06-12T11:40:28","modified_gmt":"2019-06-12T09:40:28","slug":"consultance","status":"publish","type":"page","link":"http:\/\/bshrconsulting.be\/fr\/services\/consultance\/","title":{"rendered":"Consultance"},"content":{"rendered":"<div id=\"pl-46\"  class=\"panel-layout\" ><div id=\"pg-46-0\"  class=\"panel-grid panel-has-style\" ><div data-overlay-color=\"#000000\" class=\"panel-row-style panel-row-style-for-46-0\" ><div id=\"pgc-46-0-0\"  class=\"panel-grid-cell\" ><div id=\"panel-46-0-0-0\" class=\"so-panel widget widget_black-studio-tinymce widget_black_studio_tinymce panel-first-child panel-last-child\" data-index=\"0\" ><h3 class=\"widget-title\">Consultance<\/h3><div class=\"textwidget\"><p>B\u00e9n\u00e9ficiant d\u2019une exp\u00e9rience de plus de 20 ans dans l\u2019administration des ressources humaines, BS.HRconsulting renseigne des solutions concr\u00e8tes pour chaque situation. \u00c0 la recherche d\u2019une plus grande rationalisation, \u00a0BS.HRconsulting effectue des simulations afin de conduire \u00e0 des am\u00e9liorations dans le respect des normes juridiques, administratives et sociales.<\/p>\n<p>Cong\u00e9s et cr\u00e9dits temps, co\u00fbts de licenciement, d\u00e9missions, \u00e9laborations de contrats, compensations et b\u00e9n\u00e9fices\u2026 toutes les questions peuvent \u00eatre abord\u00e9es.<\/p>\n<\/div><\/div><\/div><div id=\"pgc-46-0-1\"  class=\"panel-grid-cell\" ><div id=\"panel-46-0-1-0\" class=\"so-panel widget widget_black-studio-tinymce widget_black_studio_tinymce panel-first-child panel-last-child\" data-index=\"1\" ><div class=\"panel-widget-style panel-widget-style-for-46-0-1-0\" ><div class=\"textwidget\"><p><img class=\"alignnone size-full wp-image-2020\" src=\"http:\/\/bshrconsulting.be\/wp-content\/uploads\/2018\/06\/Consultance.jpg\" alt=\"\" width=\"5184\" height=\"3456\" \/><\/p>\n<\/div><\/div><\/div><\/div><\/div><\/div><\/div>","protected":false},"excerpt":{"rendered":"<p>B\u00e9n\u00e9ficiant d\u2019une exp\u00e9rience de plus de 20 ans dans l\u2019administration des ressources humaines, BS.HRconsulting renseigne des solutions concr\u00e8tes pour chaque situation. \u00c0 la recherche d\u2019une plus grande rationalisation, \u00a0BS.HR Consulting effectue des simulations afin de conduire \u00e0 des am\u00e9liorations dans le respect des normes juridiques, administratives et sociales.<\/p>\n","protected":false},"author":3,"featured_media":2020,"parent":23,"menu_order":0,"comment_status":"closed","ping_status":"closed","template":"","meta":[],"_links":{"self":[{"href":"http:\/\/bshrconsulting.be\/fr\/wp-json\/wp\/v2\/pages\/46\/"}],"collection":[{"href":"http:\/\/bshrconsulting.be\/fr\/wp-json\/wp\/v2\/pages\/"}],"about":[{"href":"http:\/\/bshrconsulting.be\/fr\/wp-json\/wp\/v2\/types\/page\/"}],"author":[{"embeddable":true,"href":"http:\/\/bshrconsulting.be\/fr\/wp-json\/wp\/v2\/users\/3\/"}],"replies":[{"embeddable":true,"href":"http:\/\/bshrconsulting.be\/fr\/wp-json\/wp\/v2\/comments\/?post=46"}],"version-history":[{"count":44,"href":"http:\/\/bshrconsulting.be\/fr\/wp-json\/wp\/v2\/pages\/46\/revisions\/"}],"predecessor-version":[{"id":3055,"href":"http:\/\/bshrconsulting.be\/fr\/wp-json\/wp\/v2\/pages\/46\/revisions\/3055\/"}],"up":[{"embeddable":true,"href":"http:\/\/bshrconsulting.be\/fr\/wp-json\/wp\/v2\/pages\/23\/"}],"wp:featuredmedia":[{"embeddable":true,"href":"http:\/\/bshrconsulting.be\/fr\/wp-json\/wp\/v2\/media\/2020\/"}],"wp:attachment":[{"href":"http:\/\/bshrconsulting.be\/fr\/wp-json\/wp\/v2\/media\/?parent=46"}],"curies":[{"name":"wp","href":"https:\/\/api.w.org\/{rel}","templated":true}]}}