{"id":44,"date":"2017-01-14T12:52:50","date_gmt":"2017-01-14T12:52:50","guid":{"rendered":"http:\/\/eleanordemo.devclick.uk\/?page_id=44"},"modified":"2019-11-30T06:00:49","modified_gmt":"2019-11-30T05:00:49","slug":"audit","status":"publish","type":"page","link":"http:\/\/bshrconsulting.be\/fr\/services\/audit\/","title":{"rendered":"Audit"},"content":{"rendered":"<div id=\"pl-44\"  class=\"panel-layout\" ><div id=\"pg-44-0\"  class=\"panel-grid panel-has-style\" ><div data-overlay-color=\"#000000\" class=\"panel-row-style panel-row-style-for-44-0\" ><div id=\"pgc-44-0-0\"  class=\"panel-grid-cell\" ><div id=\"panel-44-0-0-0\" class=\"so-panel widget widget_black-studio-tinymce widget_black_studio_tinymce panel-first-child panel-last-child\" data-index=\"0\" ><div class=\"textwidget\"><p>Dans le but d\u2019am\u00e9liorer la qualit\u00e9, l\u2019efficacit\u00e9 et la rentabilit\u00e9 des ressources humaines, BS.HRconsulting effectue un audit qui porte sur\u00a0:<\/p>\n<ul>\n<li>La v\u00e9rification de l\u2019administration et de l\u2019encodage des paies<\/li>\n<li>L\u2019analyse des process<\/li>\n<li>L\u2019analyse du suivi administratif<\/li>\n<li>La v\u00e9rification des aspects fiscaux et sociaux<\/li>\n<li>La v\u00e9rification du respect des conventions<\/li>\n<\/ul>\n<p>Au terme de cet audit, BS.HRconsulting fournit des recommandations visant \u00e0 rationaliser les processus, \u00e0 diminuer le risque d\u2019erreurs et \u00e0 am\u00e9liorer les co\u00fbts.<\/p>\n<\/div><\/div><\/div><div id=\"pgc-44-0-1\"  class=\"panel-grid-cell\" ><div id=\"panel-44-0-1-0\" class=\"so-panel widget widget_black-studio-tinymce widget_black_studio_tinymce panel-first-child panel-last-child\" data-index=\"1\" ><div class=\"textwidget\"><p><img class=\"alignnone size-full wp-image-2017\" src=\"http:\/\/bshrconsulting.be\/wp-content\/uploads\/2018\/06\/Audit.jpg\" alt=\"\" width=\"7360\" height=\"4912\" \/><\/p>\n<\/div><\/div><\/div><\/div><\/div><\/div>","protected":false},"excerpt":{"rendered":"<p>Dans le but d\u2019am\u00e9liorer la qualit\u00e9, l\u2019efficacit\u00e9 et la rentabilit\u00e9 des ressources humaines, BS.HRconsulting effectue un audit qui porte sur &#8230;<\/p>\n","protected":false},"author":3,"featured_media":2017,"parent":23,"menu_order":0,"comment_status":"closed","ping_status":"closed","template":"","meta":[],"_links":{"self":[{"href":"http:\/\/bshrconsulting.be\/fr\/wp-json\/wp\/v2\/pages\/44\/"}],"collection":[{"href":"http:\/\/bshrconsulting.be\/fr\/wp-json\/wp\/v2\/pages\/"}],"about":[{"href":"http:\/\/bshrconsulting.be\/fr\/wp-json\/wp\/v2\/types\/page\/"}],"author":[{"embeddable":true,"href":"http:\/\/bshrconsulting.be\/fr\/wp-json\/wp\/v2\/users\/3\/"}],"replies":[{"embeddable":true,"href":"http:\/\/bshrconsulting.be\/fr\/wp-json\/wp\/v2\/comments\/?post=44"}],"version-history":[{"count":58,"href":"http:\/\/bshrconsulting.be\/fr\/wp-json\/wp\/v2\/pages\/44\/revisions\/"}],"predecessor-version":[{"id":3416,"href":"http:\/\/bshrconsulting.be\/fr\/wp-json\/wp\/v2\/pages\/44\/revisions\/3416\/"}],"up":[{"embeddable":true,"href":"http:\/\/bshrconsulting.be\/fr\/wp-json\/wp\/v2\/pages\/23\/"}],"wp:featuredmedia":[{"embeddable":true,"href":"http:\/\/bshrconsulting.be\/fr\/wp-json\/wp\/v2\/media\/2017\/"}],"wp:attachment":[{"href":"http:\/\/bshrconsulting.be\/fr\/wp-json\/wp\/v2\/media\/?parent=44"}],"curies":[{"name":"wp","href":"https:\/\/api.w.org\/{rel}","templated":true}]}}