{"id":2278,"date":"2018-08-04T15:40:33","date_gmt":"2018-08-04T13:40:33","guid":{"rendered":"http:\/\/bshrconsulting.be\/?page_id=2278"},"modified":"2019-06-12T11:38:45","modified_gmt":"2019-06-12T09:38:45","slug":"clients","status":"publish","type":"page","link":"http:\/\/bshrconsulting.be\/fr\/clients\/","title":{"rendered":"Clients"},"content":{"rendered":"<div id=\"pl-2278\"  class=\"panel-layout\" ><div id=\"pg-2278-0\"  class=\"panel-grid panel-has-style\" ><div data-overlay-color=\"#000000\" class=\"panel-row-style panel-row-style-for-2278-0\" ><div id=\"pgc-2278-0-0\"  class=\"panel-grid-cell\" ><div id=\"panel-2278-0-0-0\" class=\"so-panel widget widget_black-studio-tinymce widget_black_studio_tinymce panel-first-child\" data-index=\"0\" ><div class=\"textwidget\"><p><img class=\"wp-image-2213 size-full alignleft\" src=\"http:\/\/bshrconsulting.be\/wp-content\/uploads\/2018\/08\/c_lineas-1.png\" alt=\"\" width=\"300\" height=\"300\" \/><\/p>\n<p>&nbsp;<\/p>\n<p>&nbsp;<\/p>\n<p>\"Bahija is er in geslaagd om een zeer complexe payroll in een zeer complexe omgeving draaiende te houden. Ze werkte quasi zelfstandig en slaagde erin kwaliteitsvol werk af te leveren. Door omstandigheden was er bijna geen overdracht maar dit heeft haar niet tegengehouden om toch een correcte loonverwerking te doen en een goede service te geven aan onze Franstalige werknemers. \"<\/p>\n<p><em><strong>Bart SMET<\/strong> \u2022 HR Services Manager<\/em><\/p>\n<\/div><\/div><div id=\"panel-2278-0-0-1\" class=\"so-panel widget widget_black-studio-tinymce widget_black_studio_tinymce\" data-index=\"1\" ><div class=\"textwidget\"><p><img class=\"wp-image-2201 size-full alignleft\" src=\"http:\/\/bshrconsulting.be\/wp-content\/uploads\/2018\/08\/c_danone-1.png\" alt=\"\" width=\"300\" height=\"300\" \/><\/p>\n<p>&nbsp;<\/p>\n<p>&nbsp;<\/p>\n<p>&nbsp;<\/p>\n<p>\"J'ai travaill\u00e9 avec Bahija elle \u00e9tait mon premier point de contact concernant les aspects payroll pour ma business unit. Bahija est quelqu'un de tr\u00e8s enthousiaste avec un temps d'adaptation rapide. Elle n'h\u00e9site pas \u00e0 prendre des initiatives tout en veillant \u00e0 un alignement au pr\u00e9alable avec les personnes\u00a0.\"<\/p>\n<p><em><strong>G\u00e9rome DEPLANO\u00a0<\/strong>\u2022 Danone Benelux<\/em><\/p>\n<\/div><\/div><div id=\"panel-2278-0-0-2\" class=\"so-panel widget widget_black-studio-tinymce widget_black_studio_tinymce\" data-index=\"2\" ><div class=\"textwidget\"><p><img class=\"wp-image-2204 size-full alignleft\" src=\"http:\/\/bshrconsulting.be\/wp-content\/uploads\/2018\/08\/c_delhaize-1.png\" alt=\"\" width=\"300\" height=\"300\" \/><\/p>\n<p>&nbsp;<\/p>\n<p>&nbsp;<\/p>\n<p>&nbsp;<\/p>\n<p>\"<span class=\"lt-line-clamp__line\">Bahija is a very dedicated person, eager to learn and\u00a0<\/span><span class=\"lt-line-clamp__line\">conscientious, hard working and motivated. She will never let her\u00a0<\/span><span class=\"lt-line-clamp__line lt-line-clamp__line--last\">customers down. It is always a pleasure to work with her.<\/span>\"<\/p>\n<p><em><strong>Hilde Engels <\/strong>- Mission pour Acerta Consult<\/em><\/p>\n<\/div><\/div><div id=\"panel-2278-0-0-3\" class=\"so-panel widget widget_black-studio-tinymce widget_black_studio_tinymce\" data-index=\"3\" ><div class=\"textwidget\"><p><img class=\"wp-image-2222 size-full alignleft\" src=\"http:\/\/bshrconsulting.be\/wp-content\/uploads\/2018\/08\/c_psa-1.png\" alt=\"\" width=\"300\" height=\"300\" \/><\/p>\n<p>&nbsp;<\/p>\n<p>&nbsp;<\/p>\n<p>\"Bahija est intervenue pour reprendre les rennes d'une situation administrative et pay rol qui s'\u00e9tait d\u00e9grad\u00e9e. Gr\u00e2ce \u00e0 son support, nous avons pu offrir \u00e0 nouveau \u00e0 notre personnel un service administratif RH \u00e0 la hauteur de leurs attentes.\"<\/p>\n<p><em><strong>Christian MALFAIT \u2022\u00a0<\/strong>PSA Peugeot Citro\u00ebn<\/em><\/p>\n<\/div><\/div><div id=\"panel-2278-0-0-4\" class=\"so-panel widget widget_black-studio-tinymce widget_black_studio_tinymce\" data-index=\"4\" ><div class=\"textwidget\"><p><img class=\"wp-image-2195 size-full alignleft\" src=\"http:\/\/bshrconsulting.be\/wp-content\/uploads\/2018\/08\/c_caterpilar-1.png\" alt=\"\" width=\"300\" height=\"300\" \/><\/p>\n<p>&nbsp;<\/p>\n<p>&nbsp;<\/p>\n<p>\"<span class=\"lt-line-clamp__line\">Bahija est une personne de confiance, qui s'adapte facilement<\/span><span class=\"lt-line-clamp__line\">aux diff\u00e9rents environnements. Elle fait preuve de beaucoup de<\/span><span class=\"lt-line-clamp__line lt-line-clamp__line--last\">professionnalisme.<\/span>\"<\/p>\n<p><em><strong>Anne FOURRIER<\/strong> \u2022 Mission pour SD Workx<\/em><\/p>\n<\/div><\/div><div id=\"panel-2278-0-0-5\" class=\"so-panel widget widget_black-studio-tinymce widget_black_studio_tinymce\" data-index=\"5\" ><div class=\"textwidget\"><p><img class=\"size-full wp-image-2421 alignleft\" src=\"http:\/\/bshrconsulting.be\/wp-content\/uploads\/2019\/01\/c_deloitte-2.png\" alt=\"Deloitte long form\" width=\"300\" height=\"800\" \/>\"<span class=\"lt-line-clamp__line\">Bahija is an experienced payroll specialist, she integrated easily\u00a0<\/span><span class=\"lt-line-clamp__line lt-line-clamp__line--last\">within the team.\"<\/span><\/p>\n<p><em><strong>Isabelle DE BECKER<\/strong> \u2022 Deloitte<\/em><\/p>\n<p>--<\/p>\n<p>\"Bahija Sejalli levert sedert 27 maart 2013 diensten aan Deloitte als payroll consultant gedurende 4 dagen per week. Zij is verantwoordelijk voor de payroll activiteiten van Deloitte Bedrijfsrevisoren. Bahija is vriendelijk en \u201cservice minded\u201d en kan zich snel integreren in een groep. Zij is een \u2018team player\u2019, flexibel en toegewijd tot haar werk en klanten. Zij leert snel en kan zich vlot aanpassen in nieuwe situaties. Haar kernactiviteiten : \u2022 Maandelijkse Payroll voorbereiding voor Deloitte Bedrijfsrevisoren, een payroll van voor 590 bedienden en uitbetaling zelfstandigen. \u2022 Verrekening vakantieattesten \u2022 Berekening dubbel en aanvullend vakantiegeld bedienden \u2022 Berekenen van vakantiequota\u2019s \u2022 Berekening eco-cheques \u2022 Uitdienstberekeningen \u2022 Ontslagberekeningen voor het vaststellen van opzegtermijn en verbrekingsvergoeding \u2022 Check en afwerking van volgende formulieren : C4, C103, vakantieattesten, tewerkstellingsattesten \u2022 Op regelmatige basis overlegmomenten met interne klant \u2022 Payroll verwerking in SAP in samenwerking met een sociaal secretariaat \u2022 Payroll check Since 27 March 2013 Bahija Sejalli delivers services to Deloitte as Payroll Consultant during 4 days a week. She is responsible for Deloitte Bedrijfsrevisoren. Bahija is a very friendly, service-minded person. She is a team player, flexible and dedicated to her work and client. She learns very quickly and can easily adapt herself to new situations. Core activities: \u2022 Monthly payroll preparation for Deloitte Bedrijfsrevisoren 590 employees and payment to independents \u2022 Calculation of vacation certificates \u2022 Calculation of double and complementary vacation pay \u2022 Calculation of vacation quotas \u2022 Calculation of Eco vouchers \u2022 Final calculation of leavers \u2022 Exit calculation to inform the employer of notice period and cost of severance allowance \u2022 Check and finalization of following documents : C4, C103, vacation certificates, employment attestations \u2022 Status meetings with internal client \u2022 Payroll calculation in SAP \u2022 Payroll check\"<\/p>\n<p><em><strong>Griet VAN EFFELTAIRE<\/strong> \u2022 Deloitte<\/em><\/p>\n<\/div><\/div><div id=\"panel-2278-0-0-6\" class=\"so-panel widget widget_black-studio-tinymce widget_black_studio_tinymce\" data-index=\"6\" ><div class=\"textwidget\"><p><img class=\"wp-image-2219 size-full alignleft\" src=\"http:\/\/bshrconsulting.be\/wp-content\/uploads\/2018\/08\/c_partena-1.png\" alt=\"\" width=\"300\" height=\"300\" \/><\/p>\n<p>&nbsp;<\/p>\n<p>&nbsp;<\/p>\n<p>\"Je recommande Bahija \u00e0 toute entreprise qui souhaite ses services RH car elle allie comp\u00e9tence professionnelle, qualit\u00e9 humaine, temp\u00e9rament positif et sens de l'humour. Bahija a pris en charge avec succ\u00e8s les \u00e9lections sociales d'entreprise importante ainsi que la gestion RH au jour le jour. Je suis heureux d'avoir pu b\u00e9n\u00e9ficier de sa pr\u00e9sence et de sa faconde dans mon \u00e9quipe de consultant. Alain Lancelot Manager Partena Audit Social\"<\/p>\n<p><em><strong>Alain LANCELOT<\/strong> \u2022 Partena Professional<\/em><\/p>\n<\/div><\/div><div id=\"panel-2278-0-0-7\" class=\"so-panel widget widget_black-studio-tinymce widget_black_studio_tinymce\" data-index=\"7\" ><div class=\"textwidget\"><p><img class=\"wp-image-2210 size-full alignleft\" src=\"http:\/\/bshrconsulting.be\/wp-content\/uploads\/2018\/08\/c_gsk-1.png\" alt=\"\" width=\"300\" height=\"300\" \/><\/p>\n<p>&nbsp;<\/p>\n<p>&nbsp;<\/p>\n<p><em><strong>Anne FOURRIER<\/strong> \u2022 Mission pour SD Workx<\/em><\/p>\n<\/div><\/div><div id=\"panel-2278-0-0-8\" class=\"so-panel widget widget_black-studio-tinymce widget_black_studio_tinymce\" data-index=\"8\" ><div class=\"textwidget\"><p><img class=\"wp-image-2198 size-full alignleft\" src=\"http:\/\/bshrconsulting.be\/wp-content\/uploads\/2018\/08\/c_cliniquedeleurope-1.png\" alt=\"\" width=\"300\" height=\"300\" \/><\/p>\n<p>&nbsp;<\/p>\n<p>&nbsp;<\/p>\n<p><em><strong>David COFFE<\/strong> \u2022 Mission pour BCV &amp; Partners<\/em><\/p>\n<\/div><\/div><div id=\"panel-2278-0-0-9\" class=\"so-panel widget widget_black-studio-tinymce widget_black_studio_tinymce\" data-index=\"9\" ><div class=\"textwidget\"><p><img class=\"wp-image-2225 size-full alignleft\" src=\"http:\/\/bshrconsulting.be\/wp-content\/uploads\/2018\/08\/c_sdworkx-1.png\" alt=\"\" width=\"300\" height=\"300\" \/><\/p>\n<p>&nbsp;<\/p>\n<p>&nbsp;<\/p>\n<p><em><strong>Val\u00e9rie DEUXANT<\/strong> \u2022 BPO SD Workx<\/em><\/p>\n<\/div><\/div><div id=\"panel-2278-0-0-10\" class=\"so-panel widget widget_black-studio-tinymce widget_black_studio_tinymce\" data-index=\"10\" ><div class=\"textwidget\"><p><img class=\"wp-image-2216 size-full alignleft\" src=\"http:\/\/bshrconsulting.be\/wp-content\/uploads\/2018\/08\/c_log.png\" alt=\"\" width=\"300\" height=\"300\" \/><\/p>\n<p>&nbsp;<\/p>\n<p><em><strong>Beno\u00eet DETROZ<\/strong> \u2022 L.O.G<\/em><\/p>\n<\/div><\/div><div id=\"panel-2278-0-0-11\" class=\"so-panel widget widget_black-studio-tinymce widget_black_studio_tinymce panel-last-child\" data-index=\"11\" ><div class=\"textwidget\"><p><img class=\"alignnone size-full wp-image-3030\" src=\"http:\/\/bshrconsulting.be\/wp-content\/uploads\/2019\/02\/p_reckitt_benckiser.png\" alt=\"\" width=\"300\" height=\"300\" \/><\/p>\n<p>&nbsp;<\/p>\n<p>&nbsp;<\/p>\n<\/div><\/div><\/div><\/div><\/div><div id=\"pg-2278-1\"  class=\"panel-grid panel-has-style\" ><div data-overlay-color=\"#000000\" class=\"panel-row-style panel-row-style-for-2278-1\" ><div id=\"pgc-2278-1-0\"  class=\"panel-grid-cell panel-grid-cell-empty\" ><\/div><\/div><\/div><\/div>","protected":false},"excerpt":{"rendered":"<p>&nbsp; &nbsp; \u00ab\u00a0Bahija is er in geslaagd om een zeer complexe payroll in een zeer complexe omgeving draaiende te houden. Ze werkte quasi zelfstandig en slaagde erin kwaliteitsvol werk af te leveren. Door omstandigheden was er bijna geen overdracht maar dit heeft haar niet tegengehouden om toch een correcte loonverwerking te doen en een goede [&hellip;]<\/p>\n","protected":false},"author":3,"featured_media":1400,"parent":0,"menu_order":0,"comment_status":"closed","ping_status":"closed","template":"template-full-width.php","meta":[],"_links":{"self":[{"href":"http:\/\/bshrconsulting.be\/fr\/wp-json\/wp\/v2\/pages\/2278\/"}],"collection":[{"href":"http:\/\/bshrconsulting.be\/fr\/wp-json\/wp\/v2\/pages\/"}],"about":[{"href":"http:\/\/bshrconsulting.be\/fr\/wp-json\/wp\/v2\/types\/page\/"}],"author":[{"embeddable":true,"href":"http:\/\/bshrconsulting.be\/fr\/wp-json\/wp\/v2\/users\/3\/"}],"replies":[{"embeddable":true,"href":"http:\/\/bshrconsulting.be\/fr\/wp-json\/wp\/v2\/comments\/?post=2278"}],"version-history":[{"count":17,"href":"http:\/\/bshrconsulting.be\/fr\/wp-json\/wp\/v2\/pages\/2278\/revisions\/"}],"predecessor-version":[{"id":2315,"href":"http:\/\/bshrconsulting.be\/fr\/wp-json\/wp\/v2\/pages\/2278\/revisions\/2315\/"}],"wp:featuredmedia":[{"embeddable":true,"href":"http:\/\/bshrconsulting.be\/fr\/wp-json\/wp\/v2\/media\/1400\/"}],"wp:attachment":[{"href":"http:\/\/bshrconsulting.be\/fr\/wp-json\/wp\/v2\/media\/?parent=2278"}],"curies":[{"name":"wp","href":"https:\/\/api.w.org\/{rel}","templated":true}]}}