{"id":1535,"date":"2018-02-24T07:59:24","date_gmt":"2018-02-24T06:59:24","guid":{"rendered":"http:\/\/bshrconsulting.be\/?page_id=1535"},"modified":"2019-03-01T15:48:06","modified_gmt":"2019-03-01T14:48:06","slug":"administration-des-ressources-humaines","status":"publish","type":"page","link":"http:\/\/bshrconsulting.be\/fr\/services\/administration-des-ressources-humaines\/","title":{"rendered":"Administration des ressources humaines"},"content":{"rendered":"<div id=\"pl-1535\"  class=\"panel-layout\" ><div id=\"pg-1535-0\"  class=\"panel-grid panel-has-style\" ><div data-overlay-color=\"#000000\" class=\"panel-row-style panel-row-style-for-1535-0\" ><div id=\"pgc-1535-0-0\"  class=\"panel-grid-cell\" ><div id=\"panel-1535-0-0-0\" class=\"so-panel widget widget_black-studio-tinymce widget_black_studio_tinymce panel-first-child panel-last-child\" data-index=\"0\" ><div class=\"textwidget\"><p>Depuis l\u2019accueil des nouveaux venus jusqu\u2019au d\u00e9part des personnes qui quittent la soci\u00e9t\u00e9, l\u2019administration des ressources humaines demande de la rigueur. Au-del\u00e0 de la gestion des salaires, BS.HRconsulting compl\u00e8te les documents, g\u00e8re les diff\u00e9rents statuts, v\u00e9rifie l\u2019ad\u00e9quation avec les obligations l\u00e9gales (r\u00e8glement du travail, conventions collectives,\u00a0r\u00e8glements d\u2019ordre int\u00e9rieur), organise les avantages extra-l\u00e9gaux, g\u00e8re les cong\u00e9s et les maladies, supervise les contrats et avenants et entretient les relations avec les diff\u00e9rents intervenants\u00a0: secr\u00e9tariats sociaux, juristes, assureurs, fleet managers, service providers\u2026<\/p>\n<\/div><\/div><\/div><div id=\"pgc-1535-0-1\"  class=\"panel-grid-cell\" ><div id=\"panel-1535-0-1-0\" class=\"so-panel widget widget_black-studio-tinymce widget_black_studio_tinymce panel-first-child panel-last-child\" data-index=\"1\" ><div class=\"textwidget\"><p><img class=\"size-full wp-image-2012\" src=\"http:\/\/bshrconsulting.be\/wp-content\/uploads\/2018\/06\/Administration.jpg\" alt=\"\" width=\"6016\" height=\"4016\" \/><\/p>\n<\/div><\/div><\/div><\/div><\/div><\/div>","protected":false},"excerpt":{"rendered":"<p>Depuis l\u2019accueil des nouveaux venus jusqu\u2019au d\u00e9part des personnes qui quittent la soci\u00e9t\u00e9, l\u2019administration des ressources humaines demande de la rigueur. Au-del\u00e0 de la gestion des salaires, BS.HRconsulting compl\u00e8te les documents, g\u00e8re les diff\u00e9rents statuts, v\u00e9rifie l\u2019ad\u00e9quation avec les obligations l\u00e9gales (r\u00e8glement du travail, conventions collectives,\u00a0r\u00e8glements d\u2019ordre int\u00e9rieur), organise les avantages extra-l\u00e9gaux, g\u00e8re les cong\u00e9s et les maladies, supervise les contrats et avenants et entretient les relations avec les diff\u00e9rents intervenants\u00a0: secr\u00e9tariats sociaux, juristes, assureurs, fleet managers, service providers\u2026 <\/p>\n","protected":false},"author":3,"featured_media":2012,"parent":23,"menu_order":0,"comment_status":"closed","ping_status":"closed","template":"","meta":[],"_links":{"self":[{"href":"http:\/\/bshrconsulting.be\/fr\/wp-json\/wp\/v2\/pages\/1535\/"}],"collection":[{"href":"http:\/\/bshrconsulting.be\/fr\/wp-json\/wp\/v2\/pages\/"}],"about":[{"href":"http:\/\/bshrconsulting.be\/fr\/wp-json\/wp\/v2\/types\/page\/"}],"author":[{"embeddable":true,"href":"http:\/\/bshrconsulting.be\/fr\/wp-json\/wp\/v2\/users\/3\/"}],"replies":[{"embeddable":true,"href":"http:\/\/bshrconsulting.be\/fr\/wp-json\/wp\/v2\/comments\/?post=1535"}],"version-history":[{"count":18,"href":"http:\/\/bshrconsulting.be\/fr\/wp-json\/wp\/v2\/pages\/1535\/revisions\/"}],"predecessor-version":[{"id":2750,"href":"http:\/\/bshrconsulting.be\/fr\/wp-json\/wp\/v2\/pages\/1535\/revisions\/2750\/"}],"up":[{"embeddable":true,"href":"http:\/\/bshrconsulting.be\/fr\/wp-json\/wp\/v2\/pages\/23\/"}],"wp:featuredmedia":[{"embeddable":true,"href":"http:\/\/bshrconsulting.be\/fr\/wp-json\/wp\/v2\/media\/2012\/"}],"wp:attachment":[{"href":"http:\/\/bshrconsulting.be\/fr\/wp-json\/wp\/v2\/media\/?parent=1535"}],"curies":[{"name":"wp","href":"https:\/\/api.w.org\/{rel}","templated":true}]}}