{"id":1527,"date":"2018-02-24T07:49:12","date_gmt":"2018-02-24T06:49:12","guid":{"rendered":"http:\/\/bshrconsulting.be\/?page_id=1527"},"modified":"2019-03-01T15:49:37","modified_gmt":"2019-03-01T14:49:37","slug":"renforcement-dequipe-et-remplacement","status":"publish","type":"page","link":"http:\/\/bshrconsulting.be\/fr\/services\/renforcement-dequipe-et-remplacement\/","title":{"rendered":"Renforcement d\u2019\u00e9quipe et remplacement"},"content":{"rendered":"<div id=\"pl-1527\"  class=\"panel-layout\" ><div id=\"pg-1527-0\"  class=\"panel-grid panel-has-style\" ><div data-overlay-color=\"#000000\" class=\"panel-row-style panel-row-style-for-1527-0\" ><div id=\"pgc-1527-0-0\"  class=\"panel-grid-cell\" ><div id=\"panel-1527-0-0-0\" class=\"so-panel widget widget_black-studio-tinymce widget_black_studio_tinymce panel-first-child panel-last-child\" data-index=\"0\" ><h3 class=\"widget-title\">Renforcement d\u2019\u00e9quipe et remplacement<\/h3><div class=\"textwidget\"><p>Pour ne pas risquer de perdre en efficacit\u00e9 lors d\u2019une p\u00e9riode de surcharge de travail ou lors de l\u2019absence prolong\u00e9e d\u2019un collaborateur HR, BS.HRconsulting int\u00e8gre directement l\u2019\u00e9quipe en place. Gr\u00e2ce \u00e0 un profil multi casquettes, votre payroll &amp; administration officer ad interim\u00a0 vous apporte un support direct en mati\u00e8re d\u2019administration des documents et des paies.<\/p>\n<p>BS.HRconsulting est \u00e9galement un partenaire de choix pour renforcer les \u00e9quipes volantes des secr\u00e9tariats sociaux.<\/p>\n<p>\u00c0 la fin de la mission, BS.HRconsulting organise la transmission des informations afin que les processus ne soient pas interrompus.<\/p>\n<\/div><\/div><\/div><div id=\"pgc-1527-0-1\"  class=\"panel-grid-cell\" ><div id=\"panel-1527-0-1-0\" class=\"so-panel widget widget_black-studio-tinymce widget_black_studio_tinymce panel-first-child panel-last-child\" data-index=\"1\" ><div class=\"textwidget\"><p><img class=\"alignnone size-full wp-image-2029\" src=\"http:\/\/bshrconsulting.be\/wp-content\/uploads\/2018\/06\/Renforcement.jpg\" alt=\"\" width=\"3666\" height=\"3208\" \/><\/p>\n<\/div><\/div><\/div><\/div><\/div><\/div>","protected":false},"excerpt":{"rendered":"<p>Pour ne pas risquer de perdre en efficacit\u00e9 lors d\u2019une p\u00e9riode de surcharge de travail ou lors de l\u2019absence prolong\u00e9e d\u2019un collaborateur HR, BS.HRconsulting int\u00e8gre directement l\u2019\u00e9quipe en place. Gr\u00e2ce \u00e0 un profil multi casquettes, votre payroll &#038; administration officer ad interim  vous apporte un support direct en mati\u00e8re d\u2019administration des documents et des paies.<br \/>\nBS.HRconsulting est \u00e9galement un partenaire de choix pour renforcer les \u00e9quipes volantes des secr\u00e9tariats sociaux.<br \/>\n\u00c0 la fin de la mission, BS.HRconsulting organise la transmission des informations afin que les processus ne soient pas interrompus.<\/p>\n","protected":false},"author":3,"featured_media":2029,"parent":23,"menu_order":0,"comment_status":"closed","ping_status":"closed","template":"","meta":[],"_links":{"self":[{"href":"http:\/\/bshrconsulting.be\/fr\/wp-json\/wp\/v2\/pages\/1527\/"}],"collection":[{"href":"http:\/\/bshrconsulting.be\/fr\/wp-json\/wp\/v2\/pages\/"}],"about":[{"href":"http:\/\/bshrconsulting.be\/fr\/wp-json\/wp\/v2\/types\/page\/"}],"author":[{"embeddable":true,"href":"http:\/\/bshrconsulting.be\/fr\/wp-json\/wp\/v2\/users\/3\/"}],"replies":[{"embeddable":true,"href":"http:\/\/bshrconsulting.be\/fr\/wp-json\/wp\/v2\/comments\/?post=1527"}],"version-history":[{"count":18,"href":"http:\/\/bshrconsulting.be\/fr\/wp-json\/wp\/v2\/pages\/1527\/revisions\/"}],"predecessor-version":[{"id":2832,"href":"http:\/\/bshrconsulting.be\/fr\/wp-json\/wp\/v2\/pages\/1527\/revisions\/2832\/"}],"up":[{"embeddable":true,"href":"http:\/\/bshrconsulting.be\/fr\/wp-json\/wp\/v2\/pages\/23\/"}],"wp:featuredmedia":[{"embeddable":true,"href":"http:\/\/bshrconsulting.be\/fr\/wp-json\/wp\/v2\/media\/2029\/"}],"wp:attachment":[{"href":"http:\/\/bshrconsulting.be\/fr\/wp-json\/wp\/v2\/media\/?parent=1527"}],"curies":[{"name":"wp","href":"https:\/\/api.w.org\/{rel}","templated":true}]}}