{"id":1268,"date":"2017-01-14T12:40:40","date_gmt":"2017-01-14T12:40:40","guid":{"rendered":"http:\/\/eleanordemo.devclick.uk\/?page_id=29"},"modified":"2019-11-30T06:54:15","modified_gmt":"2019-11-30T05:54:15","slug":"contactez-nous","status":"publish","type":"page","link":"http:\/\/bshrconsulting.be\/fr\/contactez-nous\/","title":{"rendered":"Contact"},"content":{"rendered":"<div id=\"pl-1268\"  class=\"panel-layout\" ><div id=\"pg-1268-0\"  class=\"panel-grid panel-no-style\" ><div id=\"pgc-1268-0-0\"  class=\"panel-grid-cell\" ><div id=\"panel-1268-0-0-0\" class=\"so-panel widget widget_text panel-first-child panel-last-child\" data-index=\"0\" >\t\t\t<div class=\"textwidget\"><h2>Contactez-nous<\/h2>\n<\/div>\n\t\t<\/div><\/div><\/div><div id=\"pg-1268-1\"  class=\"panel-grid panel-no-style\" ><div id=\"pgc-1268-1-0\"  class=\"panel-grid-cell\" ><div id=\"panel-1268-1-0-0\" class=\"widget_text so-panel widget widget_custom_html panel-first-child panel-last-child\" data-index=\"1\" ><div class=\"textwidget custom-html-widget\"><script>\ndocument.addEventListener( 'wpcf7mailsent', function( event ) {\n    location = 'http:\/\/example.com\/';\n}, false );\n<\/script>\n\n<div class=\"screen-reader-response\"><\/div>\n<form action=\"\/wp-admin\/post.php#wpcf7-f18-o2\" method=\"post\" class=\"wpcf7-form\" novalidate=\"novalidate\">\n<div style=\"display: none;\">\n<input type=\"hidden\" name=\"_wpcf7\" value=\"18\">\n<input type=\"hidden\" name=\"_wpcf7_version\" value=\"5.0\">\n<input type=\"hidden\" name=\"_wpcf7_locale\" value=\"en_GB\">\n<input type=\"hidden\" name=\"_wpcf7_unit_tag\" value=\"wpcf7-f18-o2\">\n<input type=\"hidden\" name=\"_wpcf7_container_post\" value=\"0\">\n<\/div>\n<div class=\"contact-us\">\n<div class=\"row\">\n<div class=\"col-xs-12 col-md-6\">\n            <span>Votre nom *<br>\n            <span class=\"wpcf7-form-control-wrap your-name\"><input type=\"text\" name=\"your-name\" value=\"\" size=\"40\" class=\"wpcf7-form-control wpcf7-text wpcf7-validates-as-required\" aria-required=\"true\" aria-invalid=\"false\"><\/span><\/span>\n        <\/div>\n<div class=\"col-xs-12 col-md-6\">\n            <span>Votre adresse email *<br>\n            <span class=\"wpcf7-form-control-wrap your-email\"><input type=\"email\" name=\"your-email\" value=\"\" size=\"40\" class=\"wpcf7-form-control wpcf7-text wpcf7-email wpcf7-validates-as-required wpcf7-validates-as-email\" aria-required=\"true\" aria-invalid=\"false\"><\/span><\/span>\n        <\/div>\n<div class=\"col-xs-12 col-md-6\">\n            <span>Sujet<br>\n            <span class=\"wpcf7-form-control-wrap your-subject\"><input type=\"text\" name=\"your-subject\" value=\"\" size=\"40\" class=\"wpcf7-form-control wpcf7-text\" aria-invalid=\"false\"><\/span><\/span>\n        <\/div>\n<div class=\"col-xs-12 col-md-6\">\n            <span>Num\u00e9ro de t\u00e9l\u00e9phone *<br>\n            <span class=\"wpcf7-form-control-wrap phone-number\"><input type=\"tel\" name=\"phone-number\" value=\"\" size=\"40\" class=\"wpcf7-form-control wpcf7-text wpcf7-tel wpcf7-validates-as-tel\" aria-invalid=\"false\"><\/span><\/span>\n        <\/div>\n<div class=\"col-xs-12\">\n            <span>Message *<br>\n            <span class=\"wpcf7-form-control-wrap your-message\"><textarea name=\"your-message\" cols=\"40\" rows=\"10\" class=\"wpcf7-form-control wpcf7-textarea wpcf7-validates-as-required\" aria-required=\"true\" aria-invalid=\"false\"><\/textarea><\/span><\/span>\n        <\/div>\n<div class=\"col-xs-12\">\n            <input type=\"submit\" value=\"Envoyer\" class=\"wpcf7-form-control wpcf7-submit\"><br>\n            <span class=\"form-required\">Les champs marqu\u00e9s d'une * sont requis<\/span>\n        <\/div>\n<p><\/p><\/div>\n<\/div>\n<div class=\"wpcf7-response-output wpcf7-display-none\"><\/div><\/form><\/div><\/div><\/div><\/div><\/div>","protected":false},"excerpt":{"rendered":"<p>Contactez-nous<\/p>\n","protected":false},"author":3,"featured_media":0,"parent":0,"menu_order":0,"comment_status":"closed","ping_status":"closed","template":"template-no-title.php","meta":[],"_links":{"self":[{"href":"http:\/\/bshrconsulting.be\/fr\/wp-json\/wp\/v2\/pages\/1268\/"}],"collection":[{"href":"http:\/\/bshrconsulting.be\/fr\/wp-json\/wp\/v2\/pages\/"}],"about":[{"href":"http:\/\/bshrconsulting.be\/fr\/wp-json\/wp\/v2\/types\/page\/"}],"author":[{"embeddable":true,"href":"http:\/\/bshrconsulting.be\/fr\/wp-json\/wp\/v2\/users\/3\/"}],"replies":[{"embeddable":true,"href":"http:\/\/bshrconsulting.be\/fr\/wp-json\/wp\/v2\/comments\/?post=1268"}],"version-history":[{"count":15,"href":"http:\/\/bshrconsulting.be\/fr\/wp-json\/wp\/v2\/pages\/1268\/revisions\/"}],"predecessor-version":[{"id":3421,"href":"http:\/\/bshrconsulting.be\/fr\/wp-json\/wp\/v2\/pages\/1268\/revisions\/3421\/"}],"wp:attachment":[{"href":"http:\/\/bshrconsulting.be\/fr\/wp-json\/wp\/v2\/media\/?parent=1268"}],"curies":[{"name":"wp","href":"https:\/\/api.w.org\/{rel}","templated":true}]}}