{"id":1266,"date":"2017-01-14T12:39:58","date_gmt":"2017-01-14T12:39:58","guid":{"rendered":"http:\/\/eleanordemo.devclick.uk\/?page_id=19"},"modified":"2019-11-30T07:34:31","modified_gmt":"2019-11-30T06:34:31","slug":"home","status":"publish","type":"page","link":"http:\/\/bshrconsulting.be\/fr\/","title":{"rendered":"Home"},"content":{"rendered":"<div id=\"pl-1266\"  class=\"panel-layout\" ><div id=\"pg-1266-0\"  class=\"panel-grid panel-has-style\" ><div class=\"siteorigin-panels-stretch panel-row-style panel-row-style-for-1266-0\" data-stretch-type=\"full\" data-overlay-color=\"#000000\" ><div id=\"pgc-1266-0-0\"  class=\"panel-grid-cell\" ><div id=\"panel-1266-0-0-0\" class=\"so-panel widget widget_dc_cta_small devclick-cta-small panel-first-child panel-last-child\" data-index=\"0\" >\n\t\t\t<div class=\"cta cta-small clear\">\n\n\t\t\t\t\n\t\t\t\t\t<h3 style=\"color: #ffffff;\">\n\t\t\t\t\t\tN'h\u00e9sitez pas \u00e0 nous contacter pour avoir plus d'info sur nos services\t\t\t\t\t<\/h3>\n\n\t\t\t\t\n\t\t\t\t\n\t\t\t\t\t<div class=\"cta-link\">\n\t\t\t\t\t\t<a href=\"http:\/\/bshrconsulting.be\/fr\/contactez-nous\" class=\"btn-colour\" style=\"background: #b51f0a;\">Contactez-nous<\/a>\n\t\t\t\t\t<\/div><!-- .cta-link -->\n\n\t\t\t\t\n\t\t\t<\/div><!-- .cta -->\n\n\t\t<\/div><\/div><\/div><\/div><div id=\"pg-1266-1\"  class=\"panel-grid panel-has-style\" ><div class=\"siteorigin-panels-stretch panel-row-style panel-row-style-for-1266-1\" data-stretch-type=\"full\" data-overlay-color=\"#000000\" ><div id=\"pgc-1266-1-0\"  class=\"panel-grid-cell\" ><div id=\"panel-1266-1-0-0\" class=\"so-panel widget widget_dc_section_title devclick-section-title panel-first-child panel-last-child\" data-index=\"1\" >\n\t\t\t<div class=\"section-title clear\">\n\n\t\t\t\t<div class=\"section-title-content text-centre\">\n\n\t\t\t\t\t\n\t\t\t\t\t\t<h2>Notre force<\/h2>\n\n\t\t\t\t\t\n\t\t\t\t\t\n\t\t\t\t\t\t<span>Nous offrons une large gamme de service pour satisfaire vos demandes<\/span>\n\n\t\t\t\t\t\n\t\t\t\t<\/div><!-- .section-title-content -->\n\n\t\t\t<\/div><!-- .section-title -->\n\n\t\t<\/div><\/div><\/div><\/div><div id=\"pg-1266-2\"  class=\"panel-grid panel-has-style\" ><div class=\"siteorigin-panels-stretch panel-row-style panel-row-style-for-1266-2\" data-stretch-type=\"full\" data-overlay-color=\"#000000\" ><div id=\"pgc-1266-2-0\"  class=\"panel-grid-cell\" ><div id=\"panel-1266-2-0-0\" class=\"so-panel widget widget_dc_featured_page devclick-featured-page panel-first-child\" data-index=\"2\" >\n\t\t\t<article class=\"featured-page featured-page-style-one\">\n\n\t\t\t\t\t\t\t\t\t<a href=\"http:\/\/bshrconsulting.be\/fr\/services\/audit\/\" class=\"featured-page-image\">\n\t\t\t\t\t\t<img src=\"http:\/\/bshrconsulting.be\/wp-content\/uploads\/2018\/06\/Audit-390x260.jpg\" srcset=\"http:\/\/bshrconsulting.be\/wp-content\/uploads\/2018\/06\/Audit-974x650.jpg 1024w, http:\/\/bshrconsulting.be\/wp-content\/uploads\/2018\/06\/Audit-584x390.jpg 640w, http:\/\/bshrconsulting.be\/wp-content\/uploads\/2018\/06\/Audit-390x260.jpg 320w\" sizes=\"(min-width: 992px) 40vw, 110vw\" alt=\"\">\n\t\t\t\t\t<\/a>\n\t\t\t\t\n\t\t\t\t<div class=\"featured-page-inner text-left\">\n\n\t\t\t\t\t<h3>\n\t\t\t\t\t\t<a href=\"http:\/\/bshrconsulting.be\/fr\/services\/audit\/\">Audit<\/a>\n\t\t\t\t\t<\/h3>\n\n\t\t\t\t\t\t\t\t\t\t\t<p>Dans le but d\u2019am\u00e9liorer la qualit\u00e9, l\u2019efficacit\u00e9 et la rentabilit\u00e9 des ressources humaines, BS.HRconsulting effectue...<\/p>\n\t\t\t\t\t\n\t\t\t\t\t\n\t\t\t\t<\/div><!-- .featured-page-inner -->\n\n\t\t\t<\/article><!-- .featured-page -->\n\n\t\t<\/div><div id=\"panel-1266-2-0-1\" class=\"so-panel widget widget_dc_featured_page devclick-featured-page\" data-index=\"3\" >\n\t\t\t<article class=\"featured-page featured-page-style-one\">\n\n\t\t\t\t\t\t\t\t\t<a href=\"http:\/\/bshrconsulting.be\/fr\/services\/renforcement-dequipe-et-remplacement\/\" class=\"featured-page-image\">\n\t\t\t\t\t\t<img src=\"http:\/\/bshrconsulting.be\/wp-content\/uploads\/2018\/06\/Renforcement-297x260.jpg\" srcset=\"http:\/\/bshrconsulting.be\/wp-content\/uploads\/2018\/06\/Renforcement-743x650.jpg 1024w, http:\/\/bshrconsulting.be\/wp-content\/uploads\/2018\/06\/Renforcement-446x390.jpg 640w, http:\/\/bshrconsulting.be\/wp-content\/uploads\/2018\/06\/Renforcement-297x260.jpg 320w\" sizes=\"(min-width: 992px) 40vw, 110vw\" alt=\"\">\n\t\t\t\t\t<\/a>\n\t\t\t\t\n\t\t\t\t<div class=\"featured-page-inner text-left\">\n\n\t\t\t\t\t<h3>\n\t\t\t\t\t\t<a href=\"http:\/\/bshrconsulting.be\/fr\/services\/renforcement-dequipe-et-remplacement\/\">Renforcement d\u2019\u00e9quipe et remplacement<\/a>\n\t\t\t\t\t<\/h3>\n\n\t\t\t\t\t\t\t\t\t\t\t<p>Pour ne pas risquer de perdre en efficacit\u00e9 lors d\u2019une p\u00e9riode de surcharge de travail ou lors de l\u2019absence prolong\u00e9e...<\/p>\n\t\t\t\t\t\n\t\t\t\t\t\n\t\t\t\t<\/div><!-- .featured-page-inner -->\n\n\t\t\t<\/article><!-- .featured-page -->\n\n\t\t<\/div><div id=\"panel-1266-2-0-2\" class=\"so-panel widget widget_dc_featured_page devclick-featured-page panel-last-child\" data-index=\"4\" >\n\t\t\t<article class=\"featured-page featured-page-style-one\">\n\n\t\t\t\t\t\t\t\t\t<a href=\"http:\/\/bshrconsulting.be\/fr\/services\/gestion-salariale-des-expatries\/\" class=\"featured-page-image\">\n\t\t\t\t\t\t<img src=\"http:\/\/bshrconsulting.be\/wp-content\/uploads\/2018\/06\/Salaire-390x260.jpg\" srcset=\"http:\/\/bshrconsulting.be\/wp-content\/uploads\/2018\/06\/Salaire-975x650.jpg 1024w, http:\/\/bshrconsulting.be\/wp-content\/uploads\/2018\/06\/Salaire-585x390.jpg 640w, http:\/\/bshrconsulting.be\/wp-content\/uploads\/2018\/06\/Salaire-390x260.jpg 320w\" sizes=\"(min-width: 992px) 40vw, 110vw\" alt=\"\">\n\t\t\t\t\t<\/a>\n\t\t\t\t\n\t\t\t\t<div class=\"featured-page-inner text-left\">\n\n\t\t\t\t\t<h3>\n\t\t\t\t\t\t<a href=\"http:\/\/bshrconsulting.be\/fr\/services\/gestion-salariale-des-expatries\/\">Gestion salariale des expatri\u00e9s<\/a>\n\t\t\t\t\t<\/h3>\n\n\t\t\t\t\t\t\t\t\t\t\t<p>De plus en plus de soci\u00e9t\u00e9s emploient des travailleurs expatri\u00e9s ou mettent leurs travailleurs \u00e0 disposition pour des...<\/p>\n\t\t\t\t\t\n\t\t\t\t\t\n\t\t\t\t<\/div><!-- .featured-page-inner -->\n\n\t\t\t<\/article><!-- .featured-page -->\n\n\t\t<\/div><\/div><div id=\"pgc-1266-2-1\"  class=\"panel-grid-cell\" ><div id=\"panel-1266-2-1-0\" class=\"so-panel widget widget_dc_featured_page devclick-featured-page panel-first-child\" data-index=\"5\" >\n\t\t\t<article class=\"featured-page featured-page-style-one\">\n\n\t\t\t\t\t\t\t\t\t<a href=\"http:\/\/bshrconsulting.be\/fr\/services\/consultance\/\" class=\"featured-page-image\">\n\t\t\t\t\t\t<img src=\"http:\/\/bshrconsulting.be\/wp-content\/uploads\/2018\/06\/Consultance-390x260.jpg\" srcset=\"http:\/\/bshrconsulting.be\/wp-content\/uploads\/2018\/06\/Consultance-975x650.jpg 1024w, http:\/\/bshrconsulting.be\/wp-content\/uploads\/2018\/06\/Consultance-585x390.jpg 640w, http:\/\/bshrconsulting.be\/wp-content\/uploads\/2018\/06\/Consultance-390x260.jpg 320w\" sizes=\"(min-width: 992px) 40vw, 110vw\" alt=\"\">\n\t\t\t\t\t<\/a>\n\t\t\t\t\n\t\t\t\t<div class=\"featured-page-inner text-left\">\n\n\t\t\t\t\t<h3>\n\t\t\t\t\t\t<a href=\"http:\/\/bshrconsulting.be\/fr\/services\/consultance\/\">Consultance<\/a>\n\t\t\t\t\t<\/h3>\n\n\t\t\t\t\t\t\t\t\t\t\t<p>B\u00e9n\u00e9ficiant d\u2019une exp\u00e9rience de plus de 20 ans dans l\u2019administration des ressources humaines, BS.HRconsulting renseigne...<\/p>\n\t\t\t\t\t\n\t\t\t\t\t\n\t\t\t\t<\/div><!-- .featured-page-inner -->\n\n\t\t\t<\/article><!-- .featured-page -->\n\n\t\t<\/div><div id=\"panel-1266-2-1-1\" class=\"so-panel widget widget_dc_featured_page devclick-featured-page panel-last-child\" data-index=\"6\" >\n\t\t\t<article class=\"featured-page featured-page-style-one\">\n\n\t\t\t\t\t\t\t\t\t<a href=\"http:\/\/bshrconsulting.be\/fr\/services\/interim-management\/\" class=\"featured-page-image\">\n\t\t\t\t\t\t<img src=\"http:\/\/bshrconsulting.be\/wp-content\/uploads\/2018\/06\/Interim-391x260.jpg\" srcset=\"http:\/\/bshrconsulting.be\/wp-content\/uploads\/2018\/06\/Interim-979x650.jpg 1024w, http:\/\/bshrconsulting.be\/wp-content\/uploads\/2018\/06\/Interim-587x390.jpg 640w, http:\/\/bshrconsulting.be\/wp-content\/uploads\/2018\/06\/Interim-391x260.jpg 320w\" sizes=\"(min-width: 992px) 40vw, 110vw\" alt=\"\">\n\t\t\t\t\t<\/a>\n\t\t\t\t\n\t\t\t\t<div class=\"featured-page-inner text-left\">\n\n\t\t\t\t\t<h3>\n\t\t\t\t\t\t<a href=\"http:\/\/bshrconsulting.be\/fr\/services\/interim-management\/\">Interim Management<\/a>\n\t\t\t\t\t<\/h3>\n\n\t\t\t\t\t\t\t\t\t\t\t<p>Que ce soit pour une mission de courte ou de longue dur\u00e9e, BS.HRconsulting prend en charge la gestion de votre d\u00e9partement...<\/p>\n\t\t\t\t\t\n\t\t\t\t\t\n\t\t\t\t<\/div><!-- .featured-page-inner -->\n\n\t\t\t<\/article><!-- .featured-page -->\n\n\t\t<\/div><\/div><div id=\"pgc-1266-2-2\"  class=\"panel-grid-cell\" ><div id=\"panel-1266-2-2-0\" class=\"so-panel widget widget_dc_featured_page devclick-featured-page panel-first-child\" data-index=\"7\" >\n\t\t\t<article class=\"featured-page featured-page-style-one\">\n\n\t\t\t\t\t\t\t\t\t<a href=\"http:\/\/bshrconsulting.be\/fr\/services\/administration-des-ressources-humaines\/\" class=\"featured-page-image\">\n\t\t\t\t\t\t<img src=\"http:\/\/bshrconsulting.be\/wp-content\/uploads\/2018\/06\/Administration-389x260.jpg\" srcset=\"http:\/\/bshrconsulting.be\/wp-content\/uploads\/2018\/06\/Administration-974x650.jpg 1024w, http:\/\/bshrconsulting.be\/wp-content\/uploads\/2018\/06\/Administration-584x390.jpg 640w, http:\/\/bshrconsulting.be\/wp-content\/uploads\/2018\/06\/Administration-389x260.jpg 320w\" sizes=\"(min-width: 992px) 40vw, 110vw\" alt=\"\">\n\t\t\t\t\t<\/a>\n\t\t\t\t\n\t\t\t\t<div class=\"featured-page-inner text-left\">\n\n\t\t\t\t\t<h3>\n\t\t\t\t\t\t<a href=\"http:\/\/bshrconsulting.be\/fr\/services\/administration-des-ressources-humaines\/\">Administration des ressources humaines<\/a>\n\t\t\t\t\t<\/h3>\n\n\t\t\t\t\t\t\t\t\t\t\t<p>Depuis l\u2019accueil des nouveaux venus jusqu\u2019au d\u00e9part des personnes qui quittent la soci\u00e9t\u00e9, l\u2019administration des...<\/p>\n\t\t\t\t\t\n\t\t\t\t\t\n\t\t\t\t<\/div><!-- .featured-page-inner -->\n\n\t\t\t<\/article><!-- .featured-page -->\n\n\t\t<\/div><div id=\"panel-1266-2-2-1\" class=\"so-panel widget widget_dc_featured_page devclick-featured-page panel-last-child\" data-index=\"8\" >\n\t\t\t<article class=\"featured-page featured-page-style-one\">\n\n\t\t\t\t\t\t\t\t\t<a href=\"http:\/\/bshrconsulting.be\/fr\/services\/transmission-de-savoir\/\" class=\"featured-page-image\">\n\t\t\t\t\t\t<img src=\"http:\/\/bshrconsulting.be\/wp-content\/uploads\/2018\/06\/Transmission-447x260.jpg\" srcset=\"http:\/\/bshrconsulting.be\/wp-content\/uploads\/2018\/06\/Transmission-1117x650.jpg 1024w, http:\/\/bshrconsulting.be\/wp-content\/uploads\/2018\/06\/Transmission-670x390.jpg 640w, http:\/\/bshrconsulting.be\/wp-content\/uploads\/2018\/06\/Transmission-447x260.jpg 320w\" sizes=\"(min-width: 992px) 40vw, 110vw\" alt=\"\">\n\t\t\t\t\t<\/a>\n\t\t\t\t\n\t\t\t\t<div class=\"featured-page-inner text-left\">\n\n\t\t\t\t\t<h3>\n\t\t\t\t\t\t<a href=\"http:\/\/bshrconsulting.be\/fr\/services\/transmission-de-savoir\/\">Transmission de savoir<\/a>\n\t\t\t\t\t<\/h3>\n\n\t\t\t\t\t\t\t\t\t\t\t<p>BS.HRconsulting fournit un support pragmatique aux collaborateurs payroll et HR administration afin d\u2019am\u00e9liorer leur connaissance...<\/p>\n\t\t\t\t\t\n\t\t\t\t\t\n\t\t\t\t<\/div><!-- .featured-page-inner -->\n\n\t\t\t<\/article><!-- .featured-page -->\n\n\t\t<\/div><\/div><\/div><\/div><div id=\"pg-1266-3\"  class=\"panel-grid panel-has-style\" ><div class=\"siteorigin-panels-stretch panel-row-style panel-row-style-for-1266-3\" data-stretch-type=\"full\" data-overlay-color=\"#000000\" ><div id=\"pgc-1266-3-0\"  class=\"panel-grid-cell\" ><div id=\"panel-1266-3-0-0\" class=\"so-panel widget widget_dc_section_title devclick-section-title panel-first-child panel-last-child\" data-index=\"9\" >\n\t\t\t<div class=\"section-title clear\">\n\n\t\t\t\t<div class=\"section-title-content text-centre\">\n\n\t\t\t\t\t\n\t\t\t\t\t\t<h2>Partenariats<\/h2>\n\n\t\t\t\t\t\n\t\t\t\t\t\n\t\t\t\t\t\t<span>BS.HRconsulting collabore et r\u00e9alise des missions ponctuelles pour<\/span>\n\n\t\t\t\t\t\n\t\t\t\t<\/div><!-- .section-title-content -->\n\n\t\t\t<\/div><!-- .section-title -->\n\n\t\t<\/div><\/div><\/div><\/div><div id=\"pg-1266-4\"  class=\"panel-grid panel-has-style\" ><div class=\"siteorigin-panels-stretch panel-row-style panel-row-style-for-1266-4\" data-stretch-type=\"full\" data-overlay-color=\"#000000\" ><div id=\"pgc-1266-4-0\"  class=\"panel-grid-cell\" ><div id=\"panel-1266-4-0-0\" class=\"so-panel widget widget_black-studio-tinymce widget_black_studio_tinymce panel-first-child panel-last-child\" data-index=\"10\" ><div class=\"textwidget\"><p><img src=\"http:\/\/bshrconsulting.be\/wp-content\/uploads\/2016\/12\/partena-pro.png\" alt=\"\" width=\"165\" height=\"70\" class=\"alignnone size-full wp-image-1128\" \/><\/p>\n<\/div><\/div><\/div><div id=\"pgc-1266-4-1\"  class=\"panel-grid-cell\" ><div id=\"panel-1266-4-1-0\" class=\"so-panel widget widget_black-studio-tinymce widget_black_studio_tinymce panel-first-child panel-last-child\" data-index=\"11\" ><div class=\"textwidget\"><p><img class=\"alignnone size-full wp-image-1129\" src=\"http:\/\/bshrconsulting.be\/wp-content\/uploads\/2016\/12\/randstad.png\" alt=\"\" width=\"196\" height=\"70\" \/><\/p>\n<\/div><\/div><\/div><div id=\"pgc-1266-4-2\"  class=\"panel-grid-cell\" ><div id=\"panel-1266-4-2-0\" class=\"so-panel widget widget_black-studio-tinymce widget_black_studio_tinymce panel-first-child panel-last-child\" data-index=\"12\" ><div class=\"textwidget\"><p><img class=\"alignnone size-full wp-image-1130\" src=\"http:\/\/bshrconsulting.be\/wp-content\/uploads\/2016\/12\/sd-works.png\" alt=\"\" width=\"193\" height=\"70\" \/><\/p>\n<\/div><\/div><\/div><div id=\"pgc-1266-4-3\"  class=\"panel-grid-cell\" ><div id=\"panel-1266-4-3-0\" class=\"so-panel widget widget_black-studio-tinymce widget_black_studio_tinymce panel-first-child panel-last-child\" data-index=\"13\" ><div class=\"textwidget\"><p><img class=\"alignnone size-full wp-image-1127\" src=\"http:\/\/bshrconsulting.be\/wp-content\/uploads\/2016\/12\/aerta.png\" alt=\"\" width=\"201\" height=\"70\" \/><\/p>\n<\/div><\/div><\/div><\/div><\/div><div id=\"pg-1266-5\"  class=\"panel-grid panel-has-style\" ><div class=\"siteorigin-panels-stretch panel-row-style panel-row-style-for-1266-5\" data-stretch-type=\"full\" data-overlay-color=\"#000000\" ><div id=\"pgc-1266-5-0\"  class=\"panel-grid-cell\" ><div id=\"panel-1266-5-0-0\" class=\"so-panel widget widget_dc_section_title devclick-section-title panel-first-child panel-last-child\" data-index=\"14\" >\n\t\t\t<div class=\"section-title clear\">\n\n\t\t\t\t<div class=\"section-title-content text-centre\">\n\n\t\t\t\t\t\n\t\t\t\t\t\t<h2>Testimoniaux<\/h2>\n\n\t\t\t\t\t\n\t\t\t\t\t\n\t\t\t\t\t\t<span>Ce que nos partenaires pensent de nos services<\/span>\n\n\t\t\t\t\t\n\t\t\t\t<\/div><!-- .section-title-content -->\n\n\t\t\t<\/div><!-- .section-title -->\n\n\t\t<\/div><\/div><\/div><\/div><div id=\"pg-1266-6\"  class=\"panel-grid panel-has-style\" ><div class=\"siteorigin-panels-stretch panel-row-style panel-row-style-for-1266-6\" data-stretch-type=\"full\" data-overlay-color=\"#000000\" ><div id=\"pgc-1266-6-0\"  class=\"panel-grid-cell\" ><div id=\"panel-1266-6-0-0\" class=\"so-panel widget widget_dc_testimonials devclick-testimonial panel-first-child panel-last-child\" data-index=\"15\" >\n\t\t<div class=\"testimonials\">\n\t\t\t\n\t\t\t<div id=\"testimonials-carousel-widget-6-0-0\" class=\"carousel slide\" data-ride=\"carousel\" data-interval=\"5000\">\n\t\t\t\t<div class=\"carousel-inner\">\n\t\t\t\t\t<div class=\"item active\">\n\t\t\t\t\t\t<div class=\"row\">\n\t\t\t\t\t\t\t\n\t\t\t\t\t\t\t\t\t\t\t\t\t\t\t\t\t\t\t\t\t\t\t<div class=\"col-xs-12 col-md-6\">\n\n\t\t\t\t\t\t\t\t\t<div class=\"testimonial\">\n\t\t\t\t\t\t\t\t\t\t<blockquote class=\"testimonial-quote\">\n\t\t\t\t\t\t\t\t\t\t\t<div class=\"testimonial-icon\">\n\t\t\t\t\t\t\t\t\t\t\t\t<span>&#8220;<\/span>\n\t\t\t\t\t\t\t\t\t\t\t<\/div><!-- .testimonial-icon -->\n\t\t\t\t\t\t\t\t\t\t\t\n\t\t\t\t\t\t\t\t\t\t\t<div class=\"testimonial-inner\">\n\t\t\t\t\t\t\t\t\t\t\t\tJ'ai travaill\u00e9 avec Bahija elle \u00e9tait mon premier point de contact concernant les aspects payroll pour ma business unit. Bahija est quelqu'un de tr\u00e8s enthousiaste avec un temps d'adaptation rapide. Elle n'h\u00e9site pas \u00e0 prendre des initiatives tout en veillant \u00e0 un alignement au pr\u00e9alable avec les personnes d\u00e9cisionnaire. Merci pour notre collaboration et pleins de bonnes choses pour le futur.\t\t\t\t\t\t\t\t\t\t\t<\/div><!-- .testimonial-inner -->\n\t\t\t\t\t\t\t\t\t\t<\/blockquote><!-- .testimonial-quote -->\n\n\t\t\t\t\t\t\t\t\t\t<div class=\"testimonial-meta\">\n\t\t\t\t\t\t\t\t\t\t\t<cite class=\"testimonial-author\">G\u00e9rome DEPLANO<\/cite><!-- .testimonial-author -->\n\t\t\t\t\t\t\t\t\t\t\t<span class=\"testimonial-location\">Danone<\/span><!-- .testimonial-location -->\n\t\t\t\t\t\t\t\t\t\t<\/div><!-- .testimonial-meta -->\n\t\t\t\t\t\t\t\t\t<\/div><!-- .testimonial -->\n\n\t\t\t\t\t\t\t\t<\/div><!-- .col -->\n\t\t\t\t\t\t\t\t\t\t\t\t\t\t\t\t\t\t\t\t\t\t\t<div class=\"col-xs-12 col-md-6\">\n\n\t\t\t\t\t\t\t\t\t<div class=\"testimonial\">\n\t\t\t\t\t\t\t\t\t\t<blockquote class=\"testimonial-quote\">\n\t\t\t\t\t\t\t\t\t\t\t<div class=\"testimonial-icon\">\n\t\t\t\t\t\t\t\t\t\t\t\t<span>&#8220;<\/span>\n\t\t\t\t\t\t\t\t\t\t\t<\/div><!-- .testimonial-icon -->\n\t\t\t\t\t\t\t\t\t\t\t\n\t\t\t\t\t\t\t\t\t\t\t<div class=\"testimonial-inner\">\n\t\t\t\t\t\t\t\t\t\t\t\tBahija, is a real Professional. With her skills, she can take quickly in charge all part of the Belgian payroll.\t\t\t\t\t\t\t\t\t\t\t<\/div><!-- .testimonial-inner -->\n\t\t\t\t\t\t\t\t\t\t<\/blockquote><!-- .testimonial-quote -->\n\n\t\t\t\t\t\t\t\t\t\t<div class=\"testimonial-meta\">\n\t\t\t\t\t\t\t\t\t\t\t<cite class=\"testimonial-author\">Mike Cossu<\/cite><!-- .testimonial-author -->\n\t\t\t\t\t\t\t\t\t\t\t<span class=\"testimonial-location\">BNP Paribas<\/span><!-- .testimonial-location -->\n\t\t\t\t\t\t\t\t\t\t<\/div><!-- .testimonial-meta -->\n\t\t\t\t\t\t\t\t\t<\/div><!-- .testimonial -->\n\n\t\t\t\t\t\t\t\t<\/div><!-- .col -->\n\t\t\t\t\t\t\t\t\t\t\t\t\t\t\t<\/div><\/div><div class=\"item\"><div class=\"row\">\t\t\t\t\t\t\t\t<div class=\"col-xs-12 col-md-6\">\n\n\t\t\t\t\t\t\t\t\t<div class=\"testimonial\">\n\t\t\t\t\t\t\t\t\t\t<blockquote class=\"testimonial-quote\">\n\t\t\t\t\t\t\t\t\t\t\t<div class=\"testimonial-icon\">\n\t\t\t\t\t\t\t\t\t\t\t\t<span>&#8220;<\/span>\n\t\t\t\t\t\t\t\t\t\t\t<\/div><!-- .testimonial-icon -->\n\t\t\t\t\t\t\t\t\t\t\t\n\t\t\t\t\t\t\t\t\t\t\t<div class=\"testimonial-inner\">\n\t\t\t\t\t\t\t\t\t\t\t\tBahija est intervenue pour reprendre les rennes d'une situation administrative et pay rol qui s'\u00e9tait d\u00e9grad\u00e9e. Gr\u00e2ce \u00e0 son support, nous avons pu offrir \u00e0 nouveau \u00e0 notre personnel un service administratif RH \u00e0 la hauteur de leurs attentes.\t\t\t\t\t\t\t\t\t\t\t<\/div><!-- .testimonial-inner -->\n\t\t\t\t\t\t\t\t\t\t<\/blockquote><!-- .testimonial-quote -->\n\n\t\t\t\t\t\t\t\t\t\t<div class=\"testimonial-meta\">\n\t\t\t\t\t\t\t\t\t\t\t<cite class=\"testimonial-author\">Christian Malfait<\/cite><!-- .testimonial-author -->\n\t\t\t\t\t\t\t\t\t\t\t<span class=\"testimonial-location\">PSA Belgium<\/span><!-- .testimonial-location -->\n\t\t\t\t\t\t\t\t\t\t<\/div><!-- .testimonial-meta -->\n\t\t\t\t\t\t\t\t\t<\/div><!-- .testimonial -->\n\n\t\t\t\t\t\t\t\t<\/div><!-- .col -->\n\t\t\t\t\t\t\t\t\t\t\t\t\t\t\t\t\t\t\t\t\t\t\t<div class=\"col-xs-12 col-md-6\">\n\n\t\t\t\t\t\t\t\t\t<div class=\"testimonial\">\n\t\t\t\t\t\t\t\t\t\t<blockquote class=\"testimonial-quote\">\n\t\t\t\t\t\t\t\t\t\t\t<div class=\"testimonial-icon\">\n\t\t\t\t\t\t\t\t\t\t\t\t<span>&#8220;<\/span>\n\t\t\t\t\t\t\t\t\t\t\t<\/div><!-- .testimonial-icon -->\n\t\t\t\t\t\t\t\t\t\t\t\n\t\t\t\t\t\t\t\t\t\t\t<div class=\"testimonial-inner\">\n\t\t\t\t\t\t\t\t\t\t\t\tBahija is a very dedicated person, eager to learn and conscientious, hard working and motivated. She will never let her customers down. It is always a pleasure to work with her.\t\t\t\t\t\t\t\t\t\t\t<\/div><!-- .testimonial-inner -->\n\t\t\t\t\t\t\t\t\t\t<\/blockquote><!-- .testimonial-quote -->\n\n\t\t\t\t\t\t\t\t\t\t<div class=\"testimonial-meta\">\n\t\t\t\t\t\t\t\t\t\t\t<cite class=\"testimonial-author\">Hilde Engels<\/cite><!-- .testimonial-author -->\n\t\t\t\t\t\t\t\t\t\t\t<span class=\"testimonial-location\">Acerta Consult<\/span><!-- .testimonial-location -->\n\t\t\t\t\t\t\t\t\t\t<\/div><!-- .testimonial-meta -->\n\t\t\t\t\t\t\t\t\t<\/div><!-- .testimonial -->\n\n\t\t\t\t\t\t\t\t<\/div><!-- .col -->\n\t\t\t\t\t\t\t\n\t\t\t\t\t\t<\/div><!-- .row -->\n\t\t\t\t\t<\/div><!-- .item -->\n\t\t\t\t<\/div><!-- .carousel-inner -->\n\t\t\t<\/div><!-- .carousel -->\n\n\t\t\t\t\t\t\t<div class=\"testimonial-nav clear\">\n\t\t\t\t\t<a class=\"right testimonial-control\" href=\"#testimonials-carousel-widget-6-0-0\" role=\"button\" data-slide=\"next\">\n\t\t\t\t\t\t<i class=\"fa fa-caret-right\" aria-hidden=\"true\"><\/i>\n\t\t\t\t\t\t<span class=\"sr-only\">Next<\/span>\n\t\t\t\t\t<\/a>\n\t\t\t\t\t<a class=\"left testimonial-control\" href=\"#testimonials-carousel-widget-6-0-0\" role=\"button\" data-slide=\"prev\">\n\t\t\t\t\t\t<i class=\"fa fa-caret-left\" aria-hidden=\"true\"><\/i>\n\t\t\t\t\t\t<span class=\"sr-only\">Previous<\/span>\n\t\t\t\t\t<\/a>\n\t\t\t\t<\/div><!-- .testimonial-nav -->\n\t\t\t\n\t\t<\/div><!-- .testimonials -->\n\n\t\t<\/div><\/div><\/div><\/div><\/div>","protected":false},"excerpt":{"rendered":"<p>N&rsquo;h\u00e9sitez pas \u00e0 nous contacter pour avoir plus d&rsquo;info sur nos services Contactez-nous Notre force Nous offrons une large gamme de service pour satisfaire vos demandes Audit Dans le but d\u2019am\u00e9liorer la qualit\u00e9, l\u2019efficacit\u00e9 et la rentabilit\u00e9 des ressources humaines, BS.HRconsulting effectue&#8230; Renforcement d\u2019\u00e9quipe et remplacement Pour ne pas risquer de perdre en efficacit\u00e9 lors [&hellip;]<\/p>\n","protected":false},"author":3,"featured_media":0,"parent":0,"menu_order":0,"comment_status":"closed","ping_status":"closed","template":"template-full-width.php","meta":[],"_links":{"self":[{"href":"http:\/\/bshrconsulting.be\/fr\/wp-json\/wp\/v2\/pages\/1266\/"}],"collection":[{"href":"http:\/\/bshrconsulting.be\/fr\/wp-json\/wp\/v2\/pages\/"}],"about":[{"href":"http:\/\/bshrconsulting.be\/fr\/wp-json\/wp\/v2\/types\/page\/"}],"author":[{"embeddable":true,"href":"http:\/\/bshrconsulting.be\/fr\/wp-json\/wp\/v2\/users\/3\/"}],"replies":[{"embeddable":true,"href":"http:\/\/bshrconsulting.be\/fr\/wp-json\/wp\/v2\/comments\/?post=1266"}],"version-history":[{"count":130,"href":"http:\/\/bshrconsulting.be\/fr\/wp-json\/wp\/v2\/pages\/1266\/revisions\/"}],"predecessor-version":[{"id":3436,"href":"http:\/\/bshrconsulting.be\/fr\/wp-json\/wp\/v2\/pages\/1266\/revisions\/3436\/"}],"wp:attachment":[{"href":"http:\/\/bshrconsulting.be\/fr\/wp-json\/wp\/v2\/media\/?parent=1266"}],"curies":[{"name":"wp","href":"https:\/\/api.w.org\/{rel}","templated":true}]}}