{"id":2272,"date":"2018-08-04T15:22:30","date_gmt":"2018-08-04T13:22:30","guid":{"rendered":"http:\/\/bshrconsulting.be\/?page_id=2272"},"modified":"2019-02-09T17:40:28","modified_gmt":"2019-02-09T16:40:28","slug":"partners","status":"publish","type":"page","link":"http:\/\/bshrconsulting.be\/en\/partners\/","title":{"rendered":"Partners"},"content":{"rendered":"<div id=\"pl-2272\"  class=\"panel-layout\" ><div id=\"pg-2272-0\"  class=\"panel-grid panel-has-style\" ><div data-overlay-color=\"#000000\" class=\"panel-row-style panel-row-style-for-2272-0\" ><div id=\"pgc-2272-0-0\"  class=\"panel-grid-cell\" ><div id=\"panel-2272-0-0-0\" class=\"so-panel widget widget_text panel-first-child\" data-index=\"0\" >\t\t\t<div class=\"textwidget\"><p><img class=\"size-full wp-image-2228 alignleft\" src=\"http:\/\/bshrconsulting.be\/wp-content\/uploads\/2018\/08\/p_acerta-1.png\" alt=\"\" width=\"300\" height=\"300\"><\/p>\n<p>&nbsp;<\/p>\n<p>&nbsp;<\/p>\n<p>\"Acerta est un prestataire de services RH de premier plan en Belgique qui offre des services professionnels \u00e0 un groupe-cible \u00e9tendu : ind\u00e9pendants (qui d\u00e9butent), professions lib\u00e9rales et entrepreneurs, PME et (grandes) entreprises. En outre, nous travaillons en intense partenariat avec des comptables et experts-comptables, et disposons d'une expertise exceptionnelle dans de nombreux segments strat\u00e9giques : les services publics, le non-marchand, le secteur des transports et la communaut\u00e9 portuaire.\"<\/p>\n<\/div>\n\t\t<\/div><div id=\"panel-2272-0-0-1\" class=\"so-panel widget widget_text\" data-index=\"1\" >\t\t\t<div class=\"textwidget\"><p><img class=\"wp-image-2231 size-full alignleft\" src=\"http:\/\/bshrconsulting.be\/wp-content\/uploads\/2018\/08\/p_bcv-1.png\" alt=\"\" width=\"300\" height=\"300\"><\/p>\n<p>&nbsp;<\/p>\n<p>&nbsp;<\/p>\n<p>\"Contract interim managers globally with one worldwide approach and guaranteed top quality. We make it possible through the WIL Group. Unique in Belgium!\"<\/p>\n<\/div>\n\t\t<\/div><div id=\"panel-2272-0-0-2\" class=\"so-panel widget widget_text\" data-index=\"2\" >\t\t\t<div class=\"textwidget\"><p><img class=\"wp-image-2234 size-full alignleft\" src=\"http:\/\/bshrconsulting.be\/wp-content\/uploads\/2018\/08\/p_partena-1.png\" alt=\"\" width=\"300\" height=\"300\"><\/p>\n<p>&nbsp;<\/p>\n<p>&nbsp;<\/p>\n<p>&nbsp;<\/p>\n<p>\"Partena Professional offers businesses and HR managers guidance and support.\"<\/p>\n<\/div>\n\t\t<\/div><div id=\"panel-2272-0-0-3\" class=\"so-panel widget widget_text\" data-index=\"3\" >\t\t\t<div class=\"textwidget\"><p><img class=\"wp-image-2237 size-full alignleft\" src=\"http:\/\/bshrconsulting.be\/wp-content\/uploads\/2018\/08\/p_randstad-1.png\" alt=\"\" width=\"300\" height=\"300\"><\/p>\n<p>&nbsp;<\/p>\n<p>&nbsp;<\/p>\n<p>&nbsp;<br \/>\n\"Le sp\u00e9cialiste des ressources humaines Randstad (recrutement et s\u00e9lection, outplacement, formations, agences in-house, projets en ressources humaines, secr\u00e9tariat social, d\u00e9tachement, consultance, titres-services) est le plus grand employeur de Belgique.\"<\/p>\n<\/div>\n\t\t<\/div><div id=\"panel-2272-0-0-4\" class=\"so-panel widget widget_text\" data-index=\"4\" >\t\t\t<div class=\"textwidget\"><p><img class=\"wp-image-2240 size-full alignleft\" src=\"http:\/\/bshrconsulting.be\/wp-content\/uploads\/2018\/08\/p_sdworx-1.png\" alt=\"\" width=\"300\" height=\"300\"><\/p>\n<p>&nbsp;<\/p>\n<p>&nbsp;<\/p>\n<p>&nbsp;<\/p>\n<p>\"As a leading European payroll and HR services provider, SD Worx provides a wide range of solutions to customers worldwide including payroll and HR, legal support, training, automation, consulting and outsourcing. Today, more than 63,000 large and small organisations across the globe rely on the more than 70 years of expertise that SD Worx has acquired.\"<\/p>\n<\/div>\n\t\t<\/div><div id=\"panel-2272-0-0-5\" class=\"so-panel widget widget_text\" data-index=\"5\" >\t\t\t<div class=\"textwidget\"><p><img class=\"wp-image-2243 size-full alignleft\" src=\"http:\/\/bshrconsulting.be\/wp-content\/uploads\/2018\/08\/p_waterfront-1.png\" alt=\"\" width=\"300\" height=\"300\"><\/p>\n<p>&nbsp;<\/p>\n<p>&nbsp;<\/p>\n<p>\"Uw interim management partner kiest u \u2013 terecht \u2013 zorgvuldig uit. Omdat u solide oplossingen wil. En omdat u op zoek bent naar een betrouwbare en nauwkeurige partner. Dan zit u goed bij Waterfront. Onze getalenteerde interim managers staan op elk moment voor u klaar: tijdelijk of voor een langere periode, voor operationele hulp of voor zuiver advies. Nog geen duidelijk zicht op de exacte duur en inhoud van uw project? Ook prima \u2013 dat bespreken we graag samen.\"<\/p>\n<\/div>\n\t\t<\/div><div id=\"panel-2272-0-0-6\" class=\"so-panel widget widget_text\" data-index=\"6\" >\t\t\t<div class=\"textwidget\"><p><img class=\"size-full wp-image-3027 alignleft\" src=\"http:\/\/bshrconsulting.be\/wp-content\/uploads\/2019\/02\/p_barrett_young.png\" alt=\"Barrett &amp; Young\" width=\"300\" height=\"300\" \/><\/p>\n<p>&nbsp;<\/p>\n<p>&nbsp;<\/p>\n<p>\"Wij zorgen voor een persoonlijke aanpak waarbij opvolging en het geven van feedback van primair belang zijn. Wij beschikken over een uitgebreide ervaring en een sterk netwerk binnen supply chain &amp; logistiek. D\u00e9 combinatie voor d\u00e9 juiste match!\"<\/p>\n<\/div>\n\t\t<\/div><div id=\"panel-2272-0-0-7\" class=\"so-panel widget widget_text panel-last-child\" data-index=\"7\" >\t\t\t<div class=\"textwidget\"><p><img class=\"size-full wp-image-3030 alignleft\" src=\"http:\/\/bshrconsulting.be\/wp-content\/uploads\/2019\/02\/p_reckitt_benckiser.png\" alt=\"Reckitt Benckiser\" width=\"300\" height=\"300\" \/><\/p>\n<p>&nbsp;<\/p>\n<p>&nbsp;<\/p>\n<p>\"RB is more than a company. It\u2019s a growing community of 40,000+ diverse, talented entrepreneurs \u2013 all driven to make the world a happier, healthier place. Drawing on each other\u2019s skills and working together, we help make people feel better. Through research and development, we make better products that empower everyone to take their health into their own hands and homes.\"<\/p>\n<\/div>\n\t\t<\/div><\/div><\/div><\/div><div id=\"pg-2272-1\"  class=\"panel-grid panel-has-style\" ><div data-overlay-color=\"#000000\" class=\"panel-row-style panel-row-style-for-2272-1\" ><div id=\"pgc-2272-1-0\"  class=\"panel-grid-cell panel-grid-cell-empty\" ><\/div><\/div><\/div><\/div>","protected":false},"excerpt":{"rendered":"<p>&nbsp; &nbsp; &#8220;Acerta est un prestataire de services RH de premier plan en Belgique qui offre des services professionnels \u00e0 un groupe-cible \u00e9tendu : ind\u00e9pendants (qui d\u00e9butent), professions lib\u00e9rales et entrepreneurs, PME et (grandes) entreprises. En outre, nous travaillons en intense partenariat avec des comptables et experts-comptables, et disposons d&#8217;une expertise exceptionnelle dans de nombreux [&hellip;]<\/p>\n","protected":false},"author":1,"featured_media":2129,"parent":0,"menu_order":0,"comment_status":"closed","ping_status":"closed","template":"template-full-width.php","meta":[],"_links":{"self":[{"href":"http:\/\/bshrconsulting.be\/en\/wp-json\/wp\/v2\/pages\/2272\/"}],"collection":[{"href":"http:\/\/bshrconsulting.be\/en\/wp-json\/wp\/v2\/pages\/"}],"about":[{"href":"http:\/\/bshrconsulting.be\/en\/wp-json\/wp\/v2\/types\/page\/"}],"author":[{"embeddable":true,"href":"http:\/\/bshrconsulting.be\/en\/wp-json\/wp\/v2\/users\/1\/"}],"replies":[{"embeddable":true,"href":"http:\/\/bshrconsulting.be\/en\/wp-json\/wp\/v2\/comments\/?post=2272"}],"version-history":[{"count":6,"href":"http:\/\/bshrconsulting.be\/en\/wp-json\/wp\/v2\/pages\/2272\/revisions\/"}],"predecessor-version":[{"id":3037,"href":"http:\/\/bshrconsulting.be\/en\/wp-json\/wp\/v2\/pages\/2272\/revisions\/3037\/"}],"wp:featuredmedia":[{"embeddable":true,"href":"http:\/\/bshrconsulting.be\/en\/wp-json\/wp\/v2\/media\/2129\/"}],"wp:attachment":[{"href":"http:\/\/bshrconsulting.be\/en\/wp-json\/wp\/v2\/media\/?parent=2272"}],"curies":[{"name":"wp","href":"https:\/\/api.w.org\/{rel}","templated":true}]}}